{"id":119,"date":"2023-04-07T10:47:33","date_gmt":"2023-04-07T10:47:33","guid":{"rendered":"https:\/\/yomvoo.com\/?page_id=119"},"modified":"2026-04-14T14:30:17","modified_gmt":"2026-04-14T14:30:17","slug":"about-us","status":"publish","type":"page","link":"https:\/\/yomvoo.com\/fr\/about-us\/","title":{"rendered":"\u00c0 propos de nous"},"content":{"rendered":"<div data-elementor-type=\"wp-page\" data-elementor-id=\"119\" class=\"elementor elementor-119\">\n\t\t\t\t\t\t<section class=\"elementor-section elementor-top-section elementor-element elementor-element-608b2d58 elementor-section-height-min-height elementor-section-boxed elementor-section-height-default elementor-section-items-middle\" data-id=\"608b2d58\" data-element_type=\"section\" data-settings=\"{&quot;background_background&quot;:&quot;classic&quot;}\">\n\t\t\t\t\t\t\t<div class=\"elementor-background-overlay\"><\/div>\n\t\t\t\t\t\t\t<div class=\"elementor-container elementor-column-gap-default\">\n\t\t\t\t\t<div class=\"elementor-column elementor-col-100 elementor-top-column elementor-element elementor-element-62a3ad75\" data-id=\"62a3ad75\" data-element_type=\"column\" data-settings=\"{&quot;background_background&quot;:&quot;classic&quot;}\">\n\t\t\t<div class=\"elementor-widget-wrap elementor-element-populated\">\n\t\t\t\t\t\t<div class=\"elementor-element elementor-element-452ce02e elementor-invisible elementor-widget elementor-widget-heading\" data-id=\"452ce02e\" data-element_type=\"widget\" data-settings=\"{&quot;_animation&quot;:&quot;fadeInUp&quot;}\" data-widget_type=\"heading.default\">\n\t\t\t\t<div class=\"elementor-widget-container\">\n\t\t\t\t\t<h1 class=\"elementor-heading-title elementor-size-default\">\u00c0 PROPOS DE NOUS<\/h1>\t\t\t\t<\/div>\n\t\t\t\t<\/div>\n\t\t\t\t\t<\/div>\n\t\t<\/div>\n\t\t\t\t\t<\/div>\n\t\t<\/section>\n\t\t\t\t<section class=\"elementor-section elementor-top-section elementor-element elementor-element-64a5405 elementor-section-boxed elementor-section-height-default elementor-section-height-default\" data-id=\"64a5405\" data-element_type=\"section\" data-settings=\"{&quot;background_background&quot;:&quot;classic&quot;}\">\n\t\t\t\t\t\t<div class=\"elementor-container elementor-column-gap-default\">\n\t\t\t\t\t<div class=\"elementor-column elementor-col-100 elementor-top-column elementor-element elementor-element-f2bdb09\" data-id=\"f2bdb09\" data-element_type=\"column\">\n\t\t\t<div class=\"elementor-widget-wrap elementor-element-populated\">\n\t\t\t\t\t\t<div class=\"elementor-element elementor-element-c48cc51 elementor-widget elementor-widget-heading\" data-id=\"c48cc51\" data-element_type=\"widget\" data-widget_type=\"heading.default\">\n\t\t\t\t<div class=\"elementor-widget-container\">\n\t\t\t\t\t<h5 class=\"elementor-heading-title elementor-size-default\">Notre histoire<\/h5>\t\t\t\t<\/div>\n\t\t\t\t<\/div>\n\t\t\t\t<div class=\"elementor-element elementor-element-5bf321a elementor-widget elementor-widget-text-editor\" data-id=\"5bf321a\" data-element_type=\"widget\" data-widget_type=\"text-editor.default\">\n\t\t\t\t<div class=\"elementor-widget-container\">\n\t\t\t\t\t\t\t\t\t<p><span style=\"font-size: xx-large;\"><b>Du financement priv\u00e9 \u00e0 la souverainet\u00e9 de l'IA : notre h\u00e9ritage mondial<\/b><\/span><\/p><p><span style=\"font-family: Times New Roman, serif;\"><span style=\"font-size: medium;\"><span style=\"color: #000000;\"><span style=\"font-family: Arial, sans-serif;\"><span style=\"font-size: large;\">Yomvoo\u2122, n\u00e9 de la vision de Charly Ngansop, professionnel chevronn\u00e9 de l'immobilier et fondateur de Blueland Properties\u2122, t\u00e9moigne du pouvoir transformateur du financement priv\u00e9 dans la r\u00e9gion de Washington D.C., du Maryland et de la Virginie (DMV) et au-del\u00e0. Fond\u00e9e en 2010, Blueland Properties\u2122, soci\u00e9t\u00e9 familiale d'investissement immobilier implant\u00e9e dans la DMV, a \u00e9t\u00e9 la pierre angulaire du parcours et du succ\u00e8s de Charly.<\/span><\/span><\/span><\/span><\/span><\/p><p><span style=\"font-family: Times New Roman, serif;\"><span style=\"font-size: medium;\"><span style=\"color: #000000;\"><span style=\"font-family: Arial, sans-serif;\"><span style=\"font-size: large;\">L\u2019exp\u00e9rience internationale de notre fondateur et sa connaissance approfondie du march\u00e9 immobilier de la r\u00e9gion de Washington D.C. ont \u00e9t\u00e9 le catalyseur de la cr\u00e9ation de Yomvoo.<\/span><\/span><\/span><\/span><\/span><\/p><p><span style=\"font-family: Times New Roman, serif;\"><span style=\"font-size: medium;\"><span style=\"color: #000000;\"><span style=\"font-family: Arial, sans-serif;\"><span style=\"font-size: large;\">Consciente des difficult\u00e9s rencontr\u00e9es par les entreprises pour obtenir des financements traditionnels, notamment dans un contexte mondial et plus particuli\u00e8rement en Afrique, Charly a imagin\u00e9 un cabinet de conseil qui comblerait ce foss\u00e9 et fournirait des solutions sur mesure pour soutenir les entreprises du monde entier.<\/span><\/span><\/span><\/span><\/span><\/p><p><span style=\"font-family: Times New Roman, serif;\"><span style=\"font-size: medium;\"><span style=\"color: #000000;\"><span style=\"font-family: Arial, sans-serif;\"><span style=\"font-size: large;\">Chez Yomvoo\u2122, notre engagement en faveur du rayonnement mondial n\u2019est pas seulement une vision, c\u2019est une mission.<\/span><\/span><\/span><\/span><\/span><\/p><p class=\"translation-block\">Vision : Tirer parti de 13 ann\u00e9es d'ing\u00e9nierie transactionnelle pour faire le lien entre les capitaux am\u00e9ricains et la souverainet\u00e9 de l'IA africaine.<\/p><p class=\"translation-block\">Du financement priv\u00e9 \u00e0 l'accompagnement strat\u00e9gique\u00a0: forte de 13\u00a0ans de succ\u00e8s avec Blueland Properties\u2122, Yomvoo\u2122, entreprise familiale sp\u00e9cialis\u00e9e dans l'immobilier, est devenue un leader mondial des infrastructures d'IA et de l'accompagnement strat\u00e9gique. Nous avons d\u00e9pass\u00e9 le stade du conseil traditionnel pour devenir des ing\u00e9nieurs en transactions, concevant les syst\u00e8mes financiers et techniques n\u00e9cessaires \u00e0 l'essor des entreprises mondiales de demain.<\/p><p class=\"translation-block\">L\u2019Afrique\u00a0: nouvelle fronti\u00e8re de l\u2019innovation. Yomvoo\u2122, entreprise r\u00e9solument tourn\u00e9e vers l\u2019Afrique, se positionne au carrefour du capital et de la technologie. Nous sommes convaincus que le continent africain n\u2019est pas seulement un march\u00e9, mais aussi le principal enjeu mondial de la souverainet\u00e9 num\u00e9rique. Notre mission est de concr\u00e9tiser le potentiel africain en exploitant les ressources visionnaires des \u00c9tats-Unis gr\u00e2ce au d\u00e9ploiement d\u2019une infrastructure d\u2019IA haute densit\u00e9, affranchie des fronti\u00e8res.<\/p><p><span style=\"font-family: Times New Roman, serif;\"><span style=\"font-size: medium;\"><span style=\"color: #000000;\"><span style=\"font-family: Arial, sans-serif;\"><span style=\"font-size: large;\">Nous vous invitons \u00e0 vous connecter avec Yomvoo\u2122 d\u00e8s aujourd'hui et \u00e0 participer \u00e0 cette aventure mondiale vers la r\u00e9ussite financi\u00e8re. Rejoignez-nous pour accompagner les visionnaires, concr\u00e9tiser leurs r\u00eaves gr\u00e2ce aux capitaux n\u00e9cessaires et red\u00e9finir la notion de succ\u00e8s \u00e0 l'\u00e9chelle internationale.<\/span><\/span><\/span><\/span><\/span><\/p><p><span style=\"font-family: Times New Roman, serif;\"><span style=\"font-size: medium;\"><span style=\"color: #000000;\"><span style=\"font-family: Arial, sans-serif;\"><span style=\"font-size: large;\">Contactez-nous avec un r\u00e9sum\u00e9 d'une ou deux pages pour commencer sans frais pour vous.<\/span><\/span><\/span><\/span><\/span><\/p>\t\t\t\t\t\t\t\t<\/div>\n\t\t\t\t<\/div>\n\t\t\t\t<div class=\"elementor-element elementor-element-c9daaf7 elementor-align-center elementor-widget elementor-widget-button\" data-id=\"c9daaf7\" data-element_type=\"widget\" data-settings=\"{&quot;_animation&quot;:&quot;none&quot;,&quot;_animation_delay&quot;:480}\" data-widget_type=\"button.default\">\n\t\t\t\t<div class=\"elementor-widget-container\">\n\t\t\t\t\t\t\t\t\t<div class=\"elementor-button-wrapper\">\n\t\t\t\t\t<a class=\"elementor-button elementor-button-link elementor-size-sm\" href=\"https:\/\/yomvoo.com\/fr\/contact-us\/\">\n\t\t\t\t\t\t<span class=\"elementor-button-content-wrapper\">\n\t\t\t\t\t\t\t\t\t<span class=\"elementor-button-text\">Contactez-nous<\/span>\n\t\t\t\t\t<\/span>\n\t\t\t\t\t<\/a>\n\t\t\t\t<\/div>\n\t\t\t\t\t\t\t\t<\/div>\n\t\t\t\t<\/div>\n\t\t\t\t\t<\/div>\n\t\t<\/div>\n\t\t\t\t\t<\/div>\n\t\t<\/section>\n\t\t\t\t<\/div>","protected":false},"excerpt":{"rendered":"<p>ABOUT US Our Story From Private Financing to AI Sovereignty: Our Global Legacy Yomvoo\u2122, born from the vision of Charly Ngansop, a seasoned real estate professional and the founder of Blueland Properties\u2122, stands as a testament to the transformative power of private financing in the DMV and beyond. Established in 2010, Blueland Properties\u2122, a family-owned [&hellip;]<\/p>","protected":false},"author":1,"featured_media":0,"parent":0,"menu_order":0,"comment_status":"closed","ping_status":"closed","template":"elementor_header_footer","meta":{"footnotes":""},"class_list":["post-119","page","type-page","status-publish","hentry"],"yoast_head":"<!-- This site is optimized with the Yoast SEO plugin v23.1 - https:\/\/yoast.com\/wordpress\/plugins\/seo\/ -->\n<title>About Yomvoo\u2122 | Private Funding | Capital Advisory &amp; AI Strategist<\/title>\n<meta name=\"description\" content=\"Yomvoo\u2122 offers private funding and capital advisory. Led by an expert AI strategist, we connect visionaries with capital for global growth\" \/>\n<meta name=\"robots\" content=\"index, follow, max-snippet:-1, max-image-preview:large, max-video-preview:-1\" \/>\n<link rel=\"canonical\" href=\"https:\/\/yomvoo.com\/fr\/about-us\/\" \/>\n<meta property=\"og:locale\" content=\"fr_FR\" \/>\n<meta property=\"og:type\" content=\"article\" \/>\n<meta property=\"og:title\" content=\"About Yomvoo\u2122 | Private Funding | Capital Advisory &amp; AI Strategist\" \/>\n<meta property=\"og:description\" content=\"Yomvoo\u2122 offers private funding and capital advisory. Led by an expert AI strategist, we connect visionaries with capital for global growth\" \/>\n<meta property=\"og:url\" content=\"https:\/\/yomvoo.com\/fr\/about-us\/\" \/>\n<meta property=\"og:site_name\" content=\"Yomvoo\u2122\" \/>\n<meta property=\"article:modified_time\" content=\"2026-04-14T14:30:17+00:00\" \/>\n<meta name=\"twitter:card\" content=\"summary_large_image\" \/>\n<meta name=\"twitter:label1\" content=\"Dur\u00e9e de lecture estim\u00e9e\" \/>\n\t<meta name=\"twitter:data1\" content=\"2 minutes\" \/>\n<script type=\"application\/ld+json\" class=\"yoast-schema-graph\">{\"@context\":\"https:\/\/schema.org\",\"@graph\":[{\"@type\":\"WebPage\",\"@id\":\"https:\/\/yomvoo.com\/about-us\/\",\"url\":\"https:\/\/yomvoo.com\/about-us\/\",\"name\":\"About Yomvoo\u2122 | Private Funding | Capital Advisory & AI Strategist\",\"isPartOf\":{\"@id\":\"https:\/\/yomvoo.com\/#website\"},\"datePublished\":\"2023-04-07T10:47:33+00:00\",\"dateModified\":\"2026-04-14T14:30:17+00:00\",\"description\":\"Yomvoo\u2122 offers private funding and capital advisory. Led by an expert AI strategist, we connect visionaries with capital for global growth\",\"breadcrumb\":{\"@id\":\"https:\/\/yomvoo.com\/about-us\/#breadcrumb\"},\"inLanguage\":\"fr-FR\",\"potentialAction\":[{\"@type\":\"ReadAction\",\"target\":[\"https:\/\/yomvoo.com\/about-us\/\"]}]},{\"@type\":\"BreadcrumbList\",\"@id\":\"https:\/\/yomvoo.com\/about-us\/#breadcrumb\",\"itemListElement\":[{\"@type\":\"ListItem\",\"position\":1,\"name\":\"Home\",\"item\":\"https:\/\/yomvoo.com\/\"},{\"@type\":\"ListItem\",\"position\":2,\"name\":\"About us\"}]},{\"@type\":\"WebSite\",\"@id\":\"https:\/\/yomvoo.com\/#website\",\"url\":\"https:\/\/yomvoo.com\/\",\"name\":\"Yomvoo\u2122\",\"description\":\"Private Capital Advisors and AI Infrastructure Strategist\",\"potentialAction\":[{\"@type\":\"SearchAction\",\"target\":{\"@type\":\"EntryPoint\",\"urlTemplate\":\"https:\/\/yomvoo.com\/?s={search_term_string}\"},\"query-input\":\"required name=search_term_string\"}],\"inLanguage\":\"fr-FR\"}]}<\/script>\n<!-- \/ Yoast SEO plugin. -->","yoast_head_json":{"title":"About Yomvoo\u2122 | Private Funding | Capital Advisory & AI Strategist","description":"Yomvoo\u2122 offers private funding and capital advisory. Led by an expert AI strategist, we connect visionaries with capital for global growth","robots":{"index":"index","follow":"follow","max-snippet":"max-snippet:-1","max-image-preview":"max-image-preview:large","max-video-preview":"max-video-preview:-1"},"canonical":"https:\/\/yomvoo.com\/fr\/about-us\/","og_locale":"fr_FR","og_type":"article","og_title":"About Yomvoo\u2122 | Private Funding | Capital Advisory & AI Strategist","og_description":"Yomvoo\u2122 offers private funding and capital advisory. Led by an expert AI strategist, we connect visionaries with capital for global growth","og_url":"https:\/\/yomvoo.com\/fr\/about-us\/","og_site_name":"Yomvoo\u2122","article_modified_time":"2026-04-14T14:30:17+00:00","twitter_card":"summary_large_image","twitter_misc":{"Dur\u00e9e de lecture estim\u00e9e":"2 minutes"},"schema":{"@context":"https:\/\/schema.org","@graph":[{"@type":"WebPage","@id":"https:\/\/yomvoo.com\/about-us\/","url":"https:\/\/yomvoo.com\/about-us\/","name":"About Yomvoo\u2122 | Private Funding | Capital Advisory & AI Strategist","isPartOf":{"@id":"https:\/\/yomvoo.com\/#website"},"datePublished":"2023-04-07T10:47:33+00:00","dateModified":"2026-04-14T14:30:17+00:00","description":"Yomvoo\u2122 offers private funding and capital advisory. Led by an expert AI strategist, we connect visionaries with capital for global growth","breadcrumb":{"@id":"https:\/\/yomvoo.com\/about-us\/#breadcrumb"},"inLanguage":"fr-FR","potentialAction":[{"@type":"ReadAction","target":["https:\/\/yomvoo.com\/about-us\/"]}]},{"@type":"BreadcrumbList","@id":"https:\/\/yomvoo.com\/about-us\/#breadcrumb","itemListElement":[{"@type":"ListItem","position":1,"name":"Home","item":"https:\/\/yomvoo.com\/"},{"@type":"ListItem","position":2,"name":"About us"}]},{"@type":"WebSite","@id":"https:\/\/yomvoo.com\/#website","url":"https:\/\/yomvoo.com\/","name":"Yomvoo\u2122","description":"Private Capital Advisors and AI Infrastructure Strategist","potentialAction":[{"@type":"SearchAction","target":{"@type":"EntryPoint","urlTemplate":"https:\/\/yomvoo.com\/?s={search_term_string}"},"query-input":"required name=search_term_string"}],"inLanguage":"fr-FR"}]}},"_links":{"self":[{"href":"https:\/\/yomvoo.com\/fr\/wp-json\/wp\/v2\/pages\/119","targetHints":{"allow":["GET"]}}],"collection":[{"href":"https:\/\/yomvoo.com\/fr\/wp-json\/wp\/v2\/pages"}],"about":[{"href":"https:\/\/yomvoo.com\/fr\/wp-json\/wp\/v2\/types\/page"}],"author":[{"embeddable":true,"href":"https:\/\/yomvoo.com\/fr\/wp-json\/wp\/v2\/users\/1"}],"replies":[{"embeddable":true,"href":"https:\/\/yomvoo.com\/fr\/wp-json\/wp\/v2\/comments?post=119"}],"version-history":[{"count":348,"href":"https:\/\/yomvoo.com\/fr\/wp-json\/wp\/v2\/pages\/119\/revisions"}],"predecessor-version":[{"id":5309,"href":"https:\/\/yomvoo.com\/fr\/wp-json\/wp\/v2\/pages\/119\/revisions\/5309"}],"wp:attachment":[{"href":"https:\/\/yomvoo.com\/fr\/wp-json\/wp\/v2\/media?parent=119"}],"curies":[{"name":"wp","href":"https:\/\/api.w.org\/{rel}","templated":true}]}}