{"id":2734,"date":"2024-01-09T12:19:43","date_gmt":"2024-01-09T12:19:43","guid":{"rendered":"https:\/\/yomvoo.com\/?page_id=2734"},"modified":"2026-04-13T14:35:37","modified_gmt":"2026-04-13T14:35:37","slug":"process","status":"publish","type":"page","link":"https:\/\/yomvoo.com\/fr\/process\/","title":{"rendered":"Processus"},"content":{"rendered":"<div data-elementor-type=\"wp-page\" data-elementor-id=\"2734\" class=\"elementor elementor-2734\">\n\t\t\t\t\t\t<section class=\"elementor-section elementor-top-section elementor-element elementor-element-2be0626 elementor-section-height-min-height elementor-section-boxed elementor-section-height-default elementor-section-items-middle\" data-id=\"2be0626\" data-element_type=\"section\" data-settings=\"{&quot;background_background&quot;:&quot;classic&quot;}\">\n\t\t\t\t\t\t\t<div class=\"elementor-background-overlay\"><\/div>\n\t\t\t\t\t\t\t<div class=\"elementor-container elementor-column-gap-default\">\n\t\t\t\t\t<div class=\"elementor-column elementor-col-100 elementor-top-column elementor-element elementor-element-ad64cda\" data-id=\"ad64cda\" data-element_type=\"column\">\n\t\t\t<div class=\"elementor-widget-wrap elementor-element-populated\">\n\t\t\t\t\t\t<div class=\"elementor-element elementor-element-7a3eb1f elementor-invisible elementor-widget elementor-widget-heading\" data-id=\"7a3eb1f\" data-element_type=\"widget\" data-settings=\"{&quot;_animation&quot;:&quot;fadeInUp&quot;}\" data-widget_type=\"heading.default\">\n\t\t\t\t<div class=\"elementor-widget-container\">\n\t\t\t\t\t<h1 class=\"elementor-heading-title elementor-size-default\">Notre processus<\/h1>\t\t\t\t<\/div>\n\t\t\t\t<\/div>\n\t\t\t\t\t<\/div>\n\t\t<\/div>\n\t\t\t\t\t<\/div>\n\t\t<\/section>\n\t\t\t\t<section class=\"elementor-section elementor-top-section elementor-element elementor-element-e35dd82 elementor-section-boxed elementor-section-height-default elementor-section-height-default\" data-id=\"e35dd82\" data-element_type=\"section\" data-settings=\"{&quot;background_background&quot;:&quot;classic&quot;}\">\n\t\t\t\t\t\t<div class=\"elementor-container elementor-column-gap-default\">\n\t\t\t\t\t<div class=\"elementor-column elementor-col-100 elementor-top-column elementor-element elementor-element-3b6b8ad\" data-id=\"3b6b8ad\" data-element_type=\"column\">\n\t\t\t<div class=\"elementor-widget-wrap elementor-element-populated\">\n\t\t\t\t\t\t<div class=\"elementor-element elementor-element-745de15 elementor-widget elementor-widget-heading\" data-id=\"745de15\" data-element_type=\"widget\" data-widget_type=\"heading.default\">\n\t\t\t\t<div class=\"elementor-widget-container\">\n\t\t\t\t\t<h5 class=\"elementor-heading-title elementor-size-default\">Notre processus<\/h5>\t\t\t\t<\/div>\n\t\t\t\t<\/div>\n\t\t\t\t<div class=\"elementor-element elementor-element-d901532 elementor-widget elementor-widget-text-editor\" data-id=\"d901532\" data-element_type=\"widget\" data-widget_type=\"text-editor.default\">\n\t\t\t\t<div class=\"elementor-widget-container\">\n\t\t\t\t\t\t\t\t\t<ol><li><strong>Manifestation d'int\u00e9r\u00eat:<\/strong><\/li><li>Lorsqu'un prospect exprime son int\u00e9r\u00eat, par e-mail ou par t\u00e9l\u00e9phone, nous le guidons pour qu'il remplisse un rapide formulaire de candidature \u00e0 un projet.<\/li><li><strong>Accus\u00e9 de r\u00e9ception de la candidature\u00a0:<\/strong><br \/>D\u00e8s r\u00e9ception de la candidature, nous en accusons r\u00e9ception dans les plus brefs d\u00e9lais et demandons des informations suppl\u00e9mentaires sur le projet.<\/li><li><strong>Examen des candidatures\u00a0:<\/strong><br \/>Notre \u00e9quipe examine la candidature pour garantir sa conformit\u00e9 \u00e0 nos directives. Si nous ne pouvons pas financer le projet nous-m\u00eames, nous activons de mani\u00e8re proactive notre vaste r\u00e9seau pour explorer des options de financement alternatives.<\/li><li><strong>D\u00e9veloppement du r\u00e9sum\u00e9 :<\/strong><br \/>Un r\u00e9sum\u00e9 interne complet du projet est \u00e9labor\u00e9.<\/li><li><strong>Analyse et commentaires des partenaires\u00a0:<\/strong><br \/>Le r\u00e9sum\u00e9 est envoy\u00e9 aux partenaires Prestige s\u00e9lectionn\u00e9s pour une analyse rapide de la transaction et des commentaires, ainsi qu'une \u00e9ventuelle feuille de conditions de pr\u00eat.<\/li><li><strong>Conditions d'initiation \u00e0 la communication et \u00e0 la paperasse\u00a0:<\/strong><br \/>Nous communiquons les termes et conditions aux clients et lan\u00e7ons le processus de signature des documents.<\/li><li><strong> Soumission de la demande de pr\u00eat\u00a0:<\/strong><br \/>Le client remplit une demande formelle de pr\u00eat.<\/li><li><strong>Collecte de documents\u00a0:<\/strong><br \/>Nous collectons la documentation compl\u00e8te du pr\u00eat aupr\u00e8s du client pour traitement par le souscripteur.<\/li><li><strong>D\u00e9but de la diligence raisonnable\u00a0:<\/strong><br \/>Le processus de diligence raisonnable commence.<strong> Note:<\/strong> Bien que nous ne facturions aucun frais initial, certains partenaires Prestige peuvent exiger des frais de traitement initiaux, payables directement \u00e0 eux.<\/li><li><strong>Ach\u00e8vement de la diligence raisonnable\u00a0:<\/strong><br \/>La due diligence est r\u00e9alis\u00e9e avec succ\u00e8s.<\/li><li><strong>Examen final\u00a0:<\/strong><br \/>Un examen final complet de l\u2019ensemble du processus est effectu\u00e9.<\/li><li><strong>R\u00e8glement des documents de pr\u00eat\u00a0:<\/strong><br \/>Le document de pr\u00eat finalis\u00e9 est envoy\u00e9 au bureau de cl\u00f4ture pour r\u00e8glement.<\/li><\/ol>\t\t\t\t\t\t\t\t<\/div>\n\t\t\t\t<\/div>\n\t\t\t\t<div class=\"elementor-element elementor-element-82a0a77 elementor-align-center elementor-widget elementor-widget-button\" data-id=\"82a0a77\" data-element_type=\"widget\" data-settings=\"{&quot;_animation&quot;:&quot;none&quot;,&quot;_animation_delay&quot;:480}\" data-widget_type=\"button.default\">\n\t\t\t\t<div class=\"elementor-widget-container\">\n\t\t\t\t\t\t\t\t\t<div class=\"elementor-button-wrapper\">\n\t\t\t\t\t<a class=\"elementor-button elementor-button-link elementor-size-sm\" href=\"https:\/\/yomvoo.com\/fr\/contact-us\/\">\n\t\t\t\t\t\t<span class=\"elementor-button-content-wrapper\">\n\t\t\t\t\t\t\t\t\t<span class=\"elementor-button-text\">Contactez-nous<\/span>\n\t\t\t\t\t<\/span>\n\t\t\t\t\t<\/a>\n\t\t\t\t<\/div>\n\t\t\t\t\t\t\t\t<\/div>\n\t\t\t\t<\/div>\n\t\t\t\t\t<\/div>\n\t\t<\/div>\n\t\t\t\t\t<\/div>\n\t\t<\/section>\n\t\t\t\t<\/div>","protected":false},"excerpt":{"rendered":"<p>Our Process Our Process Expression of Interest: When a prospect expresses interest, either through email or a phone call, we guide them to fill out a quick Project Application Form. Application Acknowledgment:Upon receiving the application, we promptly acknowledge it and request additional information for the project. Application Review:Our team reviews the application to ensure alignment [&hellip;]<\/p>","protected":false},"author":1,"featured_media":0,"parent":0,"menu_order":0,"comment_status":"closed","ping_status":"closed","template":"elementor_header_footer","meta":{"footnotes":""},"class_list":["post-2734","page","type-page","status-publish","hentry"],"yoast_head":"<!-- This site is optimized with the Yoast SEO plugin v23.1 - https:\/\/yoast.com\/wordpress\/plugins\/seo\/ -->\n<title>Funding Process | How Yomvoo\u2122 Secures Capital Solutions<\/title>\n<meta name=\"description\" content=\"Learn Yomvoo\u2122 funding process from application to closing. Understand documentation, due diligence, and how we secure tailored capital solutions.\" \/>\n<meta name=\"robots\" content=\"index, follow, max-snippet:-1, max-image-preview:large, max-video-preview:-1\" \/>\n<link rel=\"canonical\" href=\"https:\/\/yomvoo.com\/fr\/process\/\" \/>\n<meta property=\"og:locale\" content=\"fr_FR\" \/>\n<meta property=\"og:type\" content=\"article\" \/>\n<meta property=\"og:title\" content=\"Funding Process | How Yomvoo\u2122 Secures Capital Solutions\" \/>\n<meta property=\"og:description\" content=\"Learn Yomvoo\u2122 funding process from application to closing. Understand documentation, due diligence, and how we secure tailored capital solutions.\" \/>\n<meta property=\"og:url\" content=\"https:\/\/yomvoo.com\/fr\/process\/\" \/>\n<meta property=\"og:site_name\" content=\"Yomvoo\u2122\" \/>\n<meta property=\"article:modified_time\" content=\"2026-04-13T14:35:37+00:00\" \/>\n<meta name=\"twitter:card\" content=\"summary_large_image\" \/>\n<meta name=\"twitter:label1\" content=\"Dur\u00e9e de lecture estim\u00e9e\" \/>\n\t<meta name=\"twitter:data1\" content=\"2 minutes\" \/>\n<script type=\"application\/ld+json\" class=\"yoast-schema-graph\">{\"@context\":\"https:\/\/schema.org\",\"@graph\":[{\"@type\":\"WebPage\",\"@id\":\"https:\/\/yomvoo.com\/process\/\",\"url\":\"https:\/\/yomvoo.com\/process\/\",\"name\":\"Funding Process | How Yomvoo\u2122 Secures Capital Solutions\",\"isPartOf\":{\"@id\":\"https:\/\/yomvoo.com\/#website\"},\"datePublished\":\"2024-01-09T12:19:43+00:00\",\"dateModified\":\"2026-04-13T14:35:37+00:00\",\"description\":\"Learn Yomvoo\u2122 funding process from application to closing. Understand documentation, due diligence, and how we secure tailored capital solutions.\",\"breadcrumb\":{\"@id\":\"https:\/\/yomvoo.com\/process\/#breadcrumb\"},\"inLanguage\":\"fr-FR\",\"potentialAction\":[{\"@type\":\"ReadAction\",\"target\":[\"https:\/\/yomvoo.com\/process\/\"]}]},{\"@type\":\"BreadcrumbList\",\"@id\":\"https:\/\/yomvoo.com\/process\/#breadcrumb\",\"itemListElement\":[{\"@type\":\"ListItem\",\"position\":1,\"name\":\"Home\",\"item\":\"https:\/\/yomvoo.com\/\"},{\"@type\":\"ListItem\",\"position\":2,\"name\":\"Process\"}]},{\"@type\":\"WebSite\",\"@id\":\"https:\/\/yomvoo.com\/#website\",\"url\":\"https:\/\/yomvoo.com\/\",\"name\":\"Yomvoo\u2122\",\"description\":\"Private Capital Advisors and AI Infrastructure Strategist\",\"potentialAction\":[{\"@type\":\"SearchAction\",\"target\":{\"@type\":\"EntryPoint\",\"urlTemplate\":\"https:\/\/yomvoo.com\/?s={search_term_string}\"},\"query-input\":\"required name=search_term_string\"}],\"inLanguage\":\"fr-FR\"}]}<\/script>\n<!-- \/ Yoast SEO plugin. -->","yoast_head_json":{"title":"Funding Process | How Yomvoo\u2122 Secures Capital Solutions","description":"Learn Yomvoo\u2122 funding process from application to closing. Understand documentation, due diligence, and how we secure tailored capital solutions.","robots":{"index":"index","follow":"follow","max-snippet":"max-snippet:-1","max-image-preview":"max-image-preview:large","max-video-preview":"max-video-preview:-1"},"canonical":"https:\/\/yomvoo.com\/fr\/process\/","og_locale":"fr_FR","og_type":"article","og_title":"Funding Process | How Yomvoo\u2122 Secures Capital Solutions","og_description":"Learn Yomvoo\u2122 funding process from application to closing. Understand documentation, due diligence, and how we secure tailored capital solutions.","og_url":"https:\/\/yomvoo.com\/fr\/process\/","og_site_name":"Yomvoo\u2122","article_modified_time":"2026-04-13T14:35:37+00:00","twitter_card":"summary_large_image","twitter_misc":{"Dur\u00e9e de lecture estim\u00e9e":"2 minutes"},"schema":{"@context":"https:\/\/schema.org","@graph":[{"@type":"WebPage","@id":"https:\/\/yomvoo.com\/process\/","url":"https:\/\/yomvoo.com\/process\/","name":"Funding Process | How Yomvoo\u2122 Secures Capital Solutions","isPartOf":{"@id":"https:\/\/yomvoo.com\/#website"},"datePublished":"2024-01-09T12:19:43+00:00","dateModified":"2026-04-13T14:35:37+00:00","description":"Learn Yomvoo\u2122 funding process from application to closing. Understand documentation, due diligence, and how we secure tailored capital solutions.","breadcrumb":{"@id":"https:\/\/yomvoo.com\/process\/#breadcrumb"},"inLanguage":"fr-FR","potentialAction":[{"@type":"ReadAction","target":["https:\/\/yomvoo.com\/process\/"]}]},{"@type":"BreadcrumbList","@id":"https:\/\/yomvoo.com\/process\/#breadcrumb","itemListElement":[{"@type":"ListItem","position":1,"name":"Home","item":"https:\/\/yomvoo.com\/"},{"@type":"ListItem","position":2,"name":"Process"}]},{"@type":"WebSite","@id":"https:\/\/yomvoo.com\/#website","url":"https:\/\/yomvoo.com\/","name":"Yomvoo\u2122","description":"Private Capital Advisors and AI Infrastructure Strategist","potentialAction":[{"@type":"SearchAction","target":{"@type":"EntryPoint","urlTemplate":"https:\/\/yomvoo.com\/?s={search_term_string}"},"query-input":"required name=search_term_string"}],"inLanguage":"fr-FR"}]}},"_links":{"self":[{"href":"https:\/\/yomvoo.com\/fr\/wp-json\/wp\/v2\/pages\/2734","targetHints":{"allow":["GET"]}}],"collection":[{"href":"https:\/\/yomvoo.com\/fr\/wp-json\/wp\/v2\/pages"}],"about":[{"href":"https:\/\/yomvoo.com\/fr\/wp-json\/wp\/v2\/types\/page"}],"author":[{"embeddable":true,"href":"https:\/\/yomvoo.com\/fr\/wp-json\/wp\/v2\/users\/1"}],"replies":[{"embeddable":true,"href":"https:\/\/yomvoo.com\/fr\/wp-json\/wp\/v2\/comments?post=2734"}],"version-history":[{"count":34,"href":"https:\/\/yomvoo.com\/fr\/wp-json\/wp\/v2\/pages\/2734\/revisions"}],"predecessor-version":[{"id":4498,"href":"https:\/\/yomvoo.com\/fr\/wp-json\/wp\/v2\/pages\/2734\/revisions\/4498"}],"wp:attachment":[{"href":"https:\/\/yomvoo.com\/fr\/wp-json\/wp\/v2\/media?parent=2734"}],"curies":[{"name":"wp","href":"https:\/\/api.w.org\/{rel}","templated":true}]}}