{"id":3859,"date":"2024-01-20T13:47:40","date_gmt":"2024-01-20T13:47:40","guid":{"rendered":"https:\/\/yomvoo.com\/?page_id=3859"},"modified":"2026-04-13T14:17:54","modified_gmt":"2026-04-13T14:17:54","slug":"education-project-funding","status":"publish","type":"page","link":"https:\/\/yomvoo.com\/fr\/education-project-funding\/","title":{"rendered":"Financement de projets \u00e9ducatifs"},"content":{"rendered":"<div data-elementor-type=\"wp-page\" data-elementor-id=\"3859\" class=\"elementor elementor-3859\">\n\t\t\t\t\t\t<section class=\"elementor-section elementor-top-section elementor-element elementor-element-49a8e42 elementor-section-height-min-height elementor-section-boxed elementor-section-height-default elementor-section-items-middle\" data-id=\"49a8e42\" data-element_type=\"section\" data-settings=\"{&quot;background_background&quot;:&quot;classic&quot;}\">\n\t\t\t\t\t\t\t<div class=\"elementor-background-overlay\"><\/div>\n\t\t\t\t\t\t\t<div class=\"elementor-container elementor-column-gap-default\">\n\t\t\t\t\t<div class=\"elementor-column elementor-col-100 elementor-top-column elementor-element elementor-element-5ec50a4\" data-id=\"5ec50a4\" data-element_type=\"column\" data-settings=\"{&quot;background_background&quot;:&quot;classic&quot;}\">\n\t\t\t<div class=\"elementor-widget-wrap elementor-element-populated\">\n\t\t\t\t\t\t<div class=\"elementor-element elementor-element-e18af7e elementor-invisible elementor-widget elementor-widget-heading\" data-id=\"e18af7e\" data-element_type=\"widget\" data-settings=\"{&quot;_animation&quot;:&quot;fadeInUp&quot;}\" data-widget_type=\"heading.default\">\n\t\t\t\t<div class=\"elementor-widget-container\">\n\t\t\t\t\t<h1 class=\"elementor-heading-title elementor-size-default\">Financement de projets \u00e9ducatifs<\/h1>\t\t\t\t<\/div>\n\t\t\t\t<\/div>\n\t\t\t\t\t<\/div>\n\t\t<\/div>\n\t\t\t\t\t<\/div>\n\t\t<\/section>\n\t\t\t\t<section class=\"elementor-section elementor-top-section elementor-element elementor-element-b2a5ec3 elementor-section-boxed elementor-section-height-default elementor-section-height-default\" data-id=\"b2a5ec3\" data-element_type=\"section\" data-settings=\"{&quot;background_background&quot;:&quot;classic&quot;}\">\n\t\t\t\t\t\t\t<div class=\"elementor-background-overlay\"><\/div>\n\t\t\t\t\t\t\t<div class=\"elementor-container elementor-column-gap-default\">\n\t\t\t\t\t<div class=\"elementor-column elementor-col-50 elementor-top-column elementor-element elementor-element-02864df\" data-id=\"02864df\" data-element_type=\"column\">\n\t\t\t<div class=\"elementor-widget-wrap elementor-element-populated\">\n\t\t\t\t\t\t<div class=\"elementor-element elementor-element-b460d60 elementor-widget elementor-widget-image\" data-id=\"b460d60\" data-element_type=\"widget\" data-widget_type=\"image.default\">\n\t\t\t\t<div class=\"elementor-widget-container\">\n\t\t\t\t\t\t\t\t\t\t\t\t\t\t\t<img fetchpriority=\"high\" decoding=\"async\" width=\"800\" height=\"572\" src=\"https:\/\/yomvoo.com\/wp-content\/uploads\/2024\/02\/Education.jpg\" class=\"attachment-full size-full wp-image-4866\" alt=\"Education\" srcset=\"https:\/\/yomvoo.com\/wp-content\/uploads\/2024\/02\/Education.jpg 800w, https:\/\/yomvoo.com\/wp-content\/uploads\/2024\/02\/Education-300x215.jpg 300w, https:\/\/yomvoo.com\/wp-content\/uploads\/2024\/02\/Education-768x549.jpg 768w\" sizes=\"(max-width: 800px) 100vw, 800px\" \/>\t\t\t\t\t\t\t\t\t\t\t\t\t\t\t<\/div>\n\t\t\t\t<\/div>\n\t\t\t\t\t<\/div>\n\t\t<\/div>\n\t\t\t\t<div class=\"elementor-column elementor-col-50 elementor-top-column elementor-element elementor-element-1690e34\" data-id=\"1690e34\" data-element_type=\"column\">\n\t\t\t<div class=\"elementor-widget-wrap elementor-element-populated\">\n\t\t\t\t\t\t<div class=\"elementor-element elementor-element-2d7e791 elementor-widget elementor-widget-heading\" data-id=\"2d7e791\" data-element_type=\"widget\" data-widget_type=\"heading.default\">\n\t\t\t\t<div class=\"elementor-widget-container\">\n\t\t\t\t\t<h5 class=\"elementor-heading-title elementor-size-default\">Favoriser la croissance dans l\u2019\u00e9ducation<\/h5>\t\t\t\t<\/div>\n\t\t\t\t<\/div>\n\t\t\t\t<div class=\"elementor-element elementor-element-62079eb elementor-widget elementor-widget-text-editor\" data-id=\"62079eb\" data-element_type=\"widget\" data-widget_type=\"text-editor.default\">\n\t\t\t\t<div class=\"elementor-widget-container\">\n\t\t\t\t\t\t\t\t\t<p>Le service de financement de l\u2019\u00e9ducation de Yomvoo t\u00e9moigne de notre engagement \u00e0 favoriser la croissance et le d\u00e9veloppement dans le domaine des \u00e9coles et universit\u00e9s priv\u00e9es. Nous comprenons le r\u00f4le central que joue l\u2019\u00e9ducation dans la construction des soci\u00e9t\u00e9s et la construction d\u2019un avenir meilleur. Fort de cette compr\u00e9hension, le financement de l\u2019\u00e9ducation de Yomvoo est con\u00e7u pour fournir le soutien financier dont ces institutions ont besoin pour prosp\u00e9rer et exceller dans leur mission \u00e9ducative.<\/p><p>Le financement de l'\u00e9ducation commence par une approche holistique, analysant les besoins et les objectifs sp\u00e9cifiques de chaque \u00e9tablissement d'enseignement. Qu'il s'agisse d'agrandir les installations existantes, de cr\u00e9er de nouveaux campus ou de mettre en \u0153uvre des programmes \u00e9ducatifs innovants, l'\u00e9quipe de Yomvoo collabore \u00e9troitement avec les leaders de l'\u00e9ducation pour \u00e9laborer des solutions de financement qui correspondent \u00e0 leur vision de croissance.<\/p>\t\t\t\t\t\t\t\t<\/div>\n\t\t\t\t<\/div>\n\t\t\t\t\t<\/div>\n\t\t<\/div>\n\t\t\t\t\t<\/div>\n\t\t<\/section>\n\t\t\t\t<section class=\"elementor-section elementor-top-section elementor-element elementor-element-5fea092 elementor-section-boxed elementor-section-height-default elementor-section-height-default\" data-id=\"5fea092\" data-element_type=\"section\" data-settings=\"{&quot;background_background&quot;:&quot;classic&quot;}\">\n\t\t\t\t\t\t<div class=\"elementor-container elementor-column-gap-default\">\n\t\t\t\t\t<div class=\"elementor-column elementor-col-100 elementor-top-column elementor-element elementor-element-5027654\" data-id=\"5027654\" data-element_type=\"column\">\n\t\t\t<div class=\"elementor-widget-wrap elementor-element-populated\">\n\t\t\t\t\t\t<div class=\"elementor-element elementor-element-d4cb47b elementor-widget elementor-widget-text-editor\" data-id=\"d4cb47b\" data-element_type=\"widget\" data-widget_type=\"text-editor.default\">\n\t\t\t\t<div class=\"elementor-widget-container\">\n\t\t\t\t\t\t\t\t\t<p>Le service englobe une gamme de solutions financi\u00e8res adapt\u00e9es aux exigences uniques du secteur de l'\u00e9ducation. Du financement du d\u00e9veloppement des infrastructures au soutien de nouvelles initiatives acad\u00e9miques, le financement de l'\u00e9ducation de Yomvoo est un ensemble complet qui vise \u00e0 donner aux \u00e9tablissements d'enseignement les moyens de fournir une \u00e9ducation de qualit\u00e9 et d'avoir un impact durable sur les communaut\u00e9s qu'ils servent.<br \/>Pour soutenir la croissance et le d\u00e9veloppement de votre \u00e9tablissement d\u2019enseignement, nous vous invitons \u00e0 nous contacter avec un r\u00e9sum\u00e9 d\u2019une ou deux pages sans frais pour vous.<\/p>\t\t\t\t\t\t\t\t<\/div>\n\t\t\t\t<\/div>\n\t\t\t\t<div class=\"elementor-element elementor-element-694c85e elementor-align-center elementor-widget elementor-widget-button\" data-id=\"694c85e\" data-element_type=\"widget\" data-widget_type=\"button.default\">\n\t\t\t\t<div class=\"elementor-widget-container\">\n\t\t\t\t\t\t\t\t\t<div class=\"elementor-button-wrapper\">\n\t\t\t\t\t<a class=\"elementor-button elementor-button-link elementor-size-sm\" href=\"https:\/\/yomvoo.com\/fr\/application\/\">\n\t\t\t\t\t\t<span class=\"elementor-button-content-wrapper\">\n\t\t\t\t\t\t\t\t\t<span class=\"elementor-button-text\">Cliquez ici pour postuler<\/span>\n\t\t\t\t\t<\/span>\n\t\t\t\t\t<\/a>\n\t\t\t\t<\/div>\n\t\t\t\t\t\t\t\t<\/div>\n\t\t\t\t<\/div>\n\t\t\t\t\t<\/div>\n\t\t<\/div>\n\t\t\t\t\t<\/div>\n\t\t<\/section>\n\t\t\t\t<\/div>","protected":false},"excerpt":{"rendered":"<p>Education Project Funding Nurturing Growth in Education Yomvoo&#8217;s Education Financing service is a testament to our commitment to nurturing growth and development in the realm of private schools and universities. We understand the pivotal role that education plays in shaping societies and building a brighter future. With this understanding, Yomvoo&#8217;s Education Financing is designed to [&hellip;]<\/p>","protected":false},"author":1,"featured_media":0,"parent":0,"menu_order":0,"comment_status":"closed","ping_status":"closed","template":"elementor_header_footer","meta":{"footnotes":""},"class_list":["post-3859","page","type-page","status-publish","hentry"],"yoast_head":"<!-- This site is optimized with the Yoast SEO plugin v23.1 - https:\/\/yoast.com\/wordpress\/plugins\/seo\/ -->\n<title>Education Project Funding | Yomvoo\u2122 Capital Advisory<\/title>\n<meta name=\"description\" content=\"Secure funding for education projects with Yomvoo\u2122. Support school expansion, new campuses, and academic programs with tailored financing solutions.\" \/>\n<meta name=\"robots\" content=\"index, follow, max-snippet:-1, max-image-preview:large, max-video-preview:-1\" \/>\n<link rel=\"canonical\" href=\"https:\/\/yomvoo.com\/fr\/education-project-funding\/\" \/>\n<meta property=\"og:locale\" content=\"fr_FR\" \/>\n<meta property=\"og:type\" content=\"article\" \/>\n<meta property=\"og:title\" content=\"Education Project Funding | Yomvoo\u2122 Capital Advisory\" \/>\n<meta property=\"og:description\" content=\"Secure funding for education projects with Yomvoo\u2122. Support school expansion, new campuses, and academic programs with tailored financing solutions.\" \/>\n<meta property=\"og:url\" content=\"https:\/\/yomvoo.com\/fr\/education-project-funding\/\" \/>\n<meta property=\"og:site_name\" content=\"Yomvoo\u2122\" \/>\n<meta property=\"article:modified_time\" content=\"2026-04-13T14:17:54+00:00\" \/>\n<meta property=\"og:image\" content=\"https:\/\/yomvoo.com\/wp-content\/uploads\/2024\/02\/Education.jpg\" \/>\n<meta name=\"twitter:card\" content=\"summary_large_image\" \/>\n<meta name=\"twitter:label1\" content=\"Dur\u00e9e de lecture estim\u00e9e\" \/>\n\t<meta name=\"twitter:data1\" content=\"2 minutes\" \/>\n<script type=\"application\/ld+json\" class=\"yoast-schema-graph\">{\"@context\":\"https:\/\/schema.org\",\"@graph\":[{\"@type\":\"WebPage\",\"@id\":\"https:\/\/yomvoo.com\/education-project-funding\/\",\"url\":\"https:\/\/yomvoo.com\/education-project-funding\/\",\"name\":\"Education Project Funding | Yomvoo\u2122 Capital Advisory\",\"isPartOf\":{\"@id\":\"https:\/\/yomvoo.com\/#website\"},\"primaryImageOfPage\":{\"@id\":\"https:\/\/yomvoo.com\/education-project-funding\/#primaryimage\"},\"image\":{\"@id\":\"https:\/\/yomvoo.com\/education-project-funding\/#primaryimage\"},\"thumbnailUrl\":\"https:\/\/yomvoo.com\/wp-content\/uploads\/2024\/02\/Education.jpg\",\"datePublished\":\"2024-01-20T13:47:40+00:00\",\"dateModified\":\"2026-04-13T14:17:54+00:00\",\"description\":\"Secure funding for education projects with Yomvoo\u2122. Support school expansion, new campuses, and academic programs with tailored financing solutions.\",\"breadcrumb\":{\"@id\":\"https:\/\/yomvoo.com\/education-project-funding\/#breadcrumb\"},\"inLanguage\":\"fr-FR\",\"potentialAction\":[{\"@type\":\"ReadAction\",\"target\":[\"https:\/\/yomvoo.com\/education-project-funding\/\"]}]},{\"@type\":\"ImageObject\",\"inLanguage\":\"fr-FR\",\"@id\":\"https:\/\/yomvoo.com\/education-project-funding\/#primaryimage\",\"url\":\"https:\/\/yomvoo.com\/wp-content\/uploads\/2024\/02\/Education.jpg\",\"contentUrl\":\"https:\/\/yomvoo.com\/wp-content\/uploads\/2024\/02\/Education.jpg\"},{\"@type\":\"BreadcrumbList\",\"@id\":\"https:\/\/yomvoo.com\/education-project-funding\/#breadcrumb\",\"itemListElement\":[{\"@type\":\"ListItem\",\"position\":1,\"name\":\"Home\",\"item\":\"https:\/\/yomvoo.com\/\"},{\"@type\":\"ListItem\",\"position\":2,\"name\":\"Education Project Funding\"}]},{\"@type\":\"WebSite\",\"@id\":\"https:\/\/yomvoo.com\/#website\",\"url\":\"https:\/\/yomvoo.com\/\",\"name\":\"Yomvoo\u2122\",\"description\":\"Private Capital Advisors and AI Infrastructure Strategist\",\"potentialAction\":[{\"@type\":\"SearchAction\",\"target\":{\"@type\":\"EntryPoint\",\"urlTemplate\":\"https:\/\/yomvoo.com\/?s={search_term_string}\"},\"query-input\":\"required name=search_term_string\"}],\"inLanguage\":\"fr-FR\"}]}<\/script>\n<!-- \/ Yoast SEO plugin. -->","yoast_head_json":{"title":"Education Project Funding | Yomvoo\u2122 Capital Advisory","description":"Secure funding for education projects with Yomvoo\u2122. Support school expansion, new campuses, and academic programs with tailored financing solutions.","robots":{"index":"index","follow":"follow","max-snippet":"max-snippet:-1","max-image-preview":"max-image-preview:large","max-video-preview":"max-video-preview:-1"},"canonical":"https:\/\/yomvoo.com\/fr\/education-project-funding\/","og_locale":"fr_FR","og_type":"article","og_title":"Education Project Funding | Yomvoo\u2122 Capital Advisory","og_description":"Secure funding for education projects with Yomvoo\u2122. Support school expansion, new campuses, and academic programs with tailored financing solutions.","og_url":"https:\/\/yomvoo.com\/fr\/education-project-funding\/","og_site_name":"Yomvoo\u2122","article_modified_time":"2026-04-13T14:17:54+00:00","og_image":[{"url":"https:\/\/yomvoo.com\/wp-content\/uploads\/2024\/02\/Education.jpg"}],"twitter_card":"summary_large_image","twitter_misc":{"Dur\u00e9e de lecture estim\u00e9e":"2 minutes"},"schema":{"@context":"https:\/\/schema.org","@graph":[{"@type":"WebPage","@id":"https:\/\/yomvoo.com\/education-project-funding\/","url":"https:\/\/yomvoo.com\/education-project-funding\/","name":"Education Project Funding | Yomvoo\u2122 Capital Advisory","isPartOf":{"@id":"https:\/\/yomvoo.com\/#website"},"primaryImageOfPage":{"@id":"https:\/\/yomvoo.com\/education-project-funding\/#primaryimage"},"image":{"@id":"https:\/\/yomvoo.com\/education-project-funding\/#primaryimage"},"thumbnailUrl":"https:\/\/yomvoo.com\/wp-content\/uploads\/2024\/02\/Education.jpg","datePublished":"2024-01-20T13:47:40+00:00","dateModified":"2026-04-13T14:17:54+00:00","description":"Secure funding for education projects with Yomvoo\u2122. Support school expansion, new campuses, and academic programs with tailored financing solutions.","breadcrumb":{"@id":"https:\/\/yomvoo.com\/education-project-funding\/#breadcrumb"},"inLanguage":"fr-FR","potentialAction":[{"@type":"ReadAction","target":["https:\/\/yomvoo.com\/education-project-funding\/"]}]},{"@type":"ImageObject","inLanguage":"fr-FR","@id":"https:\/\/yomvoo.com\/education-project-funding\/#primaryimage","url":"https:\/\/yomvoo.com\/wp-content\/uploads\/2024\/02\/Education.jpg","contentUrl":"https:\/\/yomvoo.com\/wp-content\/uploads\/2024\/02\/Education.jpg"},{"@type":"BreadcrumbList","@id":"https:\/\/yomvoo.com\/education-project-funding\/#breadcrumb","itemListElement":[{"@type":"ListItem","position":1,"name":"Home","item":"https:\/\/yomvoo.com\/"},{"@type":"ListItem","position":2,"name":"Education Project Funding"}]},{"@type":"WebSite","@id":"https:\/\/yomvoo.com\/#website","url":"https:\/\/yomvoo.com\/","name":"Yomvoo\u2122","description":"Private Capital Advisors and AI Infrastructure Strategist","potentialAction":[{"@type":"SearchAction","target":{"@type":"EntryPoint","urlTemplate":"https:\/\/yomvoo.com\/?s={search_term_string}"},"query-input":"required name=search_term_string"}],"inLanguage":"fr-FR"}]}},"_links":{"self":[{"href":"https:\/\/yomvoo.com\/fr\/wp-json\/wp\/v2\/pages\/3859","targetHints":{"allow":["GET"]}}],"collection":[{"href":"https:\/\/yomvoo.com\/fr\/wp-json\/wp\/v2\/pages"}],"about":[{"href":"https:\/\/yomvoo.com\/fr\/wp-json\/wp\/v2\/types\/page"}],"author":[{"embeddable":true,"href":"https:\/\/yomvoo.com\/fr\/wp-json\/wp\/v2\/users\/1"}],"replies":[{"embeddable":true,"href":"https:\/\/yomvoo.com\/fr\/wp-json\/wp\/v2\/comments?post=3859"}],"version-history":[{"count":26,"href":"https:\/\/yomvoo.com\/fr\/wp-json\/wp\/v2\/pages\/3859\/revisions"}],"predecessor-version":[{"id":5162,"href":"https:\/\/yomvoo.com\/fr\/wp-json\/wp\/v2\/pages\/3859\/revisions\/5162"}],"wp:attachment":[{"href":"https:\/\/yomvoo.com\/fr\/wp-json\/wp\/v2\/media?parent=3859"}],"curies":[{"name":"wp","href":"https:\/\/api.w.org\/{rel}","templated":true}]}}