{"id":3873,"date":"2024-01-20T13:54:46","date_gmt":"2024-01-20T13:54:46","guid":{"rendered":"https:\/\/yomvoo.com\/?page_id=3873"},"modified":"2026-04-13T14:29:53","modified_gmt":"2026-04-13T14:29:53","slug":"international-business-finance","status":"publish","type":"page","link":"https:\/\/yomvoo.com\/fr\/international-business-finance\/","title":{"rendered":"Financement des entreprises internationales"},"content":{"rendered":"<div data-elementor-type=\"wp-page\" data-elementor-id=\"3873\" class=\"elementor elementor-3873\">\n\t\t\t\t\t\t<section class=\"elementor-section elementor-top-section elementor-element elementor-element-ffeeb02 elementor-section-height-min-height elementor-section-boxed elementor-section-height-default elementor-section-items-middle\" data-id=\"ffeeb02\" data-element_type=\"section\" data-settings=\"{&quot;background_background&quot;:&quot;classic&quot;}\">\n\t\t\t\t\t\t\t<div class=\"elementor-background-overlay\"><\/div>\n\t\t\t\t\t\t\t<div class=\"elementor-container elementor-column-gap-default\">\n\t\t\t\t\t<div class=\"elementor-column elementor-col-100 elementor-top-column elementor-element elementor-element-d7d24b0\" data-id=\"d7d24b0\" data-element_type=\"column\" data-settings=\"{&quot;background_background&quot;:&quot;classic&quot;}\">\n\t\t\t<div class=\"elementor-widget-wrap elementor-element-populated\">\n\t\t\t\t\t\t<div class=\"elementor-element elementor-element-4bc3f0c elementor-invisible elementor-widget elementor-widget-heading\" data-id=\"4bc3f0c\" data-element_type=\"widget\" data-settings=\"{&quot;_animation&quot;:&quot;fadeInUp&quot;}\" data-widget_type=\"heading.default\">\n\t\t\t\t<div class=\"elementor-widget-container\">\n\t\t\t\t\t<h1 class=\"elementor-heading-title elementor-size-default\">Financement des entreprises internationales<\/h1>\t\t\t\t<\/div>\n\t\t\t\t<\/div>\n\t\t\t\t\t<\/div>\n\t\t<\/div>\n\t\t\t\t\t<\/div>\n\t\t<\/section>\n\t\t\t\t<section class=\"elementor-section elementor-top-section elementor-element elementor-element-ff62a19 elementor-section-boxed elementor-section-height-default elementor-section-height-default\" data-id=\"ff62a19\" data-element_type=\"section\" data-settings=\"{&quot;background_background&quot;:&quot;classic&quot;}\">\n\t\t\t\t\t\t\t<div class=\"elementor-background-overlay\"><\/div>\n\t\t\t\t\t\t\t<div class=\"elementor-container elementor-column-gap-default\">\n\t\t\t\t\t<div class=\"elementor-column elementor-col-50 elementor-top-column elementor-element elementor-element-c8f3918\" data-id=\"c8f3918\" data-element_type=\"column\">\n\t\t\t<div class=\"elementor-widget-wrap elementor-element-populated\">\n\t\t\t\t\t\t<div class=\"elementor-element elementor-element-41c9d4d elementor-widget elementor-widget-heading\" data-id=\"41c9d4d\" data-element_type=\"widget\" data-widget_type=\"heading.default\">\n\t\t\t\t<div class=\"elementor-widget-container\">\n\t\t\t\t\t<h5 class=\"elementor-heading-title elementor-size-default\">Naviguer sur les march\u00e9s mondiaux avec des solutions financi\u00e8res transparentes pour les entreprises internationales<\/h5>\t\t\t\t<\/div>\n\t\t\t\t<\/div>\n\t\t\t\t<div class=\"elementor-element elementor-element-fe5282e elementor-widget elementor-widget-text-editor\" data-id=\"fe5282e\" data-element_type=\"widget\" data-widget_type=\"text-editor.default\">\n\t\t\t\t<div class=\"elementor-widget-container\">\n\t\t\t\t\t\t\t\t\t<p>Le service International Business Finance de Yomvoo est votre boussole strat\u00e9gique pour naviguer dans le paysage complexe des march\u00e9s mondiaux. Dans un monde interconnect\u00e9, o\u00f9 les fronti\u00e8res ne sont plus des barri\u00e8res, notre service s'impose comme un partenaire de confiance, offrant des solutions financi\u00e8res transparentes aux entreprises internationales. Que vous d\u00e9veloppiez vos op\u00e9rations, p\u00e9n\u00e9triez de nouveaux march\u00e9s ou recherchiez un soutien financier strat\u00e9gique pour vos projets mondiaux, Yomvoo est l\u00e0 pour vous guider avec pr\u00e9cision et expertise.<\/p><p>Le c\u0153ur de la finance d\u2019entreprise internationale r\u00e9side dans notre compr\u00e9hension approfondie des d\u00e9fis et des opportunit\u00e9s li\u00e9s \u00e0 la conduite des affaires \u00e0 l\u2019\u00e9chelle mondiale. L\u2019\u00e9quipe de Yomvoo collabore \u00e9troitement avec des entreprises internationales pour comprendre leurs besoins financiers uniques.<\/p>\t\t\t\t\t\t\t\t<\/div>\n\t\t\t\t<\/div>\n\t\t\t\t\t<\/div>\n\t\t<\/div>\n\t\t\t\t<div class=\"elementor-column elementor-col-50 elementor-top-column elementor-element elementor-element-ea2a8ab\" data-id=\"ea2a8ab\" data-element_type=\"column\">\n\t\t\t<div class=\"elementor-widget-wrap elementor-element-populated\">\n\t\t\t\t\t\t<div class=\"elementor-element elementor-element-e312b7e elementor-widget elementor-widget-image\" data-id=\"e312b7e\" data-element_type=\"widget\" data-widget_type=\"image.default\">\n\t\t\t\t<div class=\"elementor-widget-container\">\n\t\t\t\t\t\t\t\t\t\t\t\t\t\t\t<img fetchpriority=\"high\" decoding=\"async\" width=\"640\" height=\"428\" src=\"https:\/\/yomvoo.com\/wp-content\/uploads\/2024\/01\/Finance.jpg\" class=\"attachment-full size-full wp-image-4348\" alt=\"\" srcset=\"https:\/\/yomvoo.com\/wp-content\/uploads\/2024\/01\/Finance.jpg 640w, https:\/\/yomvoo.com\/wp-content\/uploads\/2024\/01\/Finance-300x201.jpg 300w\" sizes=\"(max-width: 640px) 100vw, 640px\" \/>\t\t\t\t\t\t\t\t\t\t\t\t\t\t\t<\/div>\n\t\t\t\t<\/div>\n\t\t\t\t\t<\/div>\n\t\t<\/div>\n\t\t\t\t\t<\/div>\n\t\t<\/section>\n\t\t\t\t<section class=\"elementor-section elementor-top-section elementor-element elementor-element-ab8d622 elementor-section-boxed elementor-section-height-default elementor-section-height-default\" data-id=\"ab8d622\" data-element_type=\"section\" data-settings=\"{&quot;background_background&quot;:&quot;classic&quot;}\">\n\t\t\t\t\t\t<div class=\"elementor-container elementor-column-gap-default\">\n\t\t\t\t\t<div class=\"elementor-column elementor-col-100 elementor-top-column elementor-element elementor-element-b3c4b2b\" data-id=\"b3c4b2b\" data-element_type=\"column\">\n\t\t\t<div class=\"elementor-widget-wrap elementor-element-populated\">\n\t\t\t\t\t\t<div class=\"elementor-element elementor-element-58e7748 elementor-widget elementor-widget-text-editor\" data-id=\"58e7748\" data-element_type=\"widget\" data-widget_type=\"text-editor.default\">\n\t\t\t\t<div class=\"elementor-widget-container\">\n\t\t\t\t\t\t\t\t\t<p>\u00a0Le c\u0153ur de la finance d\u2019entreprise internationale r\u00e9side dans notre compr\u00e9hension approfondie des d\u00e9fis et des opportunit\u00e9s li\u00e9s \u00e0 la conduite des affaires \u00e0 l\u2019\u00e9chelle mondiale. L\u2019\u00e9quipe de Yomvoo collabore \u00e9troitement avec des entreprises internationales pour comprendre leurs besoins financiers uniques.<br \/>Notre engagement \u00e0 naviguer sur les march\u00e9s mondiaux va au-del\u00e0 du financement traditionnel. Yomvoo vise \u00e0 \u00eatre un partenaire strat\u00e9gique tout au long du parcours commercial international, offrant des informations, des conseils et un soutien ind\u00e9fectible. Que vous soyez une soci\u00e9t\u00e9 multinationale ou un entrepreneur mondial en herbe, International Business Finance de Yomvoo est votre alli\u00e9 de confiance pour parvenir \u00e0 des solutions financi\u00e8res transparentes et avoir un impact durable sur la sc\u00e8ne mondiale.<br \/>Pour vous lancer dans un voyage de navigation sur les march\u00e9s mondiaux en toute confiance, nous vous invitons \u00e0 nous contacter avec un r\u00e9sum\u00e9 d'une ou deux pages sans frais pour vous.<\/p>\t\t\t\t\t\t\t\t<\/div>\n\t\t\t\t<\/div>\n\t\t\t\t\t<\/div>\n\t\t<\/div>\n\t\t\t\t\t<\/div>\n\t\t<\/section>\n\t\t\t\t<\/div>","protected":false},"excerpt":{"rendered":"<p>International Business Finance Navigating Global Markets with Seamless Financial Solutions for International Businesses Yomvoo&#8217;s International Business Finance service is your strategic compass in navigating the complex landscape of global markets. In an interconnected world, where borders are no longer barriers, our service stands as a trusted partner, providing seamless financial solutions for international businesses. Whether [&hellip;]<\/p>","protected":false},"author":1,"featured_media":0,"parent":0,"menu_order":0,"comment_status":"closed","ping_status":"closed","template":"elementor_header_footer","meta":{"footnotes":""},"class_list":["post-3873","page","type-page","status-publish","hentry"],"yoast_head":"<!-- This site is optimized with the Yoast SEO plugin v23.1 - https:\/\/yoast.com\/wordpress\/plugins\/seo\/ -->\n<title>International Business Finance | Global Funding Yomvoo\u2122<\/title>\n<meta name=\"description\" content=\"Expand globally with Yomvoo\u2122 international business finance. Access tailored funding, cross-border advisory, and strategic support for global ventures.\" \/>\n<meta name=\"robots\" content=\"index, follow, max-snippet:-1, max-image-preview:large, max-video-preview:-1\" \/>\n<link rel=\"canonical\" href=\"https:\/\/yomvoo.com\/fr\/international-business-finance\/\" \/>\n<meta property=\"og:locale\" content=\"fr_FR\" \/>\n<meta property=\"og:type\" content=\"article\" \/>\n<meta property=\"og:title\" content=\"International Business Finance | Global Funding Yomvoo\u2122\" \/>\n<meta property=\"og:description\" content=\"Expand globally with Yomvoo\u2122 international business finance. Access tailored funding, cross-border advisory, and strategic support for global ventures.\" \/>\n<meta property=\"og:url\" content=\"https:\/\/yomvoo.com\/fr\/international-business-finance\/\" \/>\n<meta property=\"og:site_name\" content=\"Yomvoo\u2122\" \/>\n<meta property=\"article:modified_time\" content=\"2026-04-13T14:29:53+00:00\" \/>\n<meta property=\"og:image\" content=\"https:\/\/yomvoo.com\/wp-content\/uploads\/2024\/01\/Finance.jpg\" \/>\n<meta name=\"twitter:card\" content=\"summary_large_image\" \/>\n<meta name=\"twitter:label1\" content=\"Dur\u00e9e de lecture estim\u00e9e\" \/>\n\t<meta name=\"twitter:data1\" content=\"2 minutes\" \/>\n<script type=\"application\/ld+json\" class=\"yoast-schema-graph\">{\"@context\":\"https:\/\/schema.org\",\"@graph\":[{\"@type\":\"WebPage\",\"@id\":\"https:\/\/yomvoo.com\/international-business-finance\/\",\"url\":\"https:\/\/yomvoo.com\/international-business-finance\/\",\"name\":\"International Business Finance | Global Funding Yomvoo\u2122\",\"isPartOf\":{\"@id\":\"https:\/\/yomvoo.com\/#website\"},\"primaryImageOfPage\":{\"@id\":\"https:\/\/yomvoo.com\/international-business-finance\/#primaryimage\"},\"image\":{\"@id\":\"https:\/\/yomvoo.com\/international-business-finance\/#primaryimage\"},\"thumbnailUrl\":\"https:\/\/yomvoo.com\/wp-content\/uploads\/2024\/01\/Finance.jpg\",\"datePublished\":\"2024-01-20T13:54:46+00:00\",\"dateModified\":\"2026-04-13T14:29:53+00:00\",\"description\":\"Expand globally with Yomvoo\u2122 international business finance. Access tailored funding, cross-border advisory, and strategic support for global ventures.\",\"breadcrumb\":{\"@id\":\"https:\/\/yomvoo.com\/international-business-finance\/#breadcrumb\"},\"inLanguage\":\"fr-FR\",\"potentialAction\":[{\"@type\":\"ReadAction\",\"target\":[\"https:\/\/yomvoo.com\/international-business-finance\/\"]}]},{\"@type\":\"ImageObject\",\"inLanguage\":\"fr-FR\",\"@id\":\"https:\/\/yomvoo.com\/international-business-finance\/#primaryimage\",\"url\":\"https:\/\/yomvoo.com\/wp-content\/uploads\/2024\/01\/Finance.jpg\",\"contentUrl\":\"https:\/\/yomvoo.com\/wp-content\/uploads\/2024\/01\/Finance.jpg\"},{\"@type\":\"BreadcrumbList\",\"@id\":\"https:\/\/yomvoo.com\/international-business-finance\/#breadcrumb\",\"itemListElement\":[{\"@type\":\"ListItem\",\"position\":1,\"name\":\"Home\",\"item\":\"https:\/\/yomvoo.com\/\"},{\"@type\":\"ListItem\",\"position\":2,\"name\":\"International Business Finance\"}]},{\"@type\":\"WebSite\",\"@id\":\"https:\/\/yomvoo.com\/#website\",\"url\":\"https:\/\/yomvoo.com\/\",\"name\":\"Yomvoo\u2122\",\"description\":\"Private Capital Advisors and AI Infrastructure Strategist\",\"potentialAction\":[{\"@type\":\"SearchAction\",\"target\":{\"@type\":\"EntryPoint\",\"urlTemplate\":\"https:\/\/yomvoo.com\/?s={search_term_string}\"},\"query-input\":\"required name=search_term_string\"}],\"inLanguage\":\"fr-FR\"}]}<\/script>\n<!-- \/ Yoast SEO plugin. -->","yoast_head_json":{"title":"International Business Finance | Global Funding Yomvoo\u2122","description":"Expand globally with Yomvoo\u2122 international business finance. Access tailored funding, cross-border advisory, and strategic support for global ventures.","robots":{"index":"index","follow":"follow","max-snippet":"max-snippet:-1","max-image-preview":"max-image-preview:large","max-video-preview":"max-video-preview:-1"},"canonical":"https:\/\/yomvoo.com\/fr\/international-business-finance\/","og_locale":"fr_FR","og_type":"article","og_title":"International Business Finance | Global Funding Yomvoo\u2122","og_description":"Expand globally with Yomvoo\u2122 international business finance. Access tailored funding, cross-border advisory, and strategic support for global ventures.","og_url":"https:\/\/yomvoo.com\/fr\/international-business-finance\/","og_site_name":"Yomvoo\u2122","article_modified_time":"2026-04-13T14:29:53+00:00","og_image":[{"url":"https:\/\/yomvoo.com\/wp-content\/uploads\/2024\/01\/Finance.jpg"}],"twitter_card":"summary_large_image","twitter_misc":{"Dur\u00e9e de lecture estim\u00e9e":"2 minutes"},"schema":{"@context":"https:\/\/schema.org","@graph":[{"@type":"WebPage","@id":"https:\/\/yomvoo.com\/international-business-finance\/","url":"https:\/\/yomvoo.com\/international-business-finance\/","name":"International Business Finance | Global Funding Yomvoo\u2122","isPartOf":{"@id":"https:\/\/yomvoo.com\/#website"},"primaryImageOfPage":{"@id":"https:\/\/yomvoo.com\/international-business-finance\/#primaryimage"},"image":{"@id":"https:\/\/yomvoo.com\/international-business-finance\/#primaryimage"},"thumbnailUrl":"https:\/\/yomvoo.com\/wp-content\/uploads\/2024\/01\/Finance.jpg","datePublished":"2024-01-20T13:54:46+00:00","dateModified":"2026-04-13T14:29:53+00:00","description":"Expand globally with Yomvoo\u2122 international business finance. Access tailored funding, cross-border advisory, and strategic support for global ventures.","breadcrumb":{"@id":"https:\/\/yomvoo.com\/international-business-finance\/#breadcrumb"},"inLanguage":"fr-FR","potentialAction":[{"@type":"ReadAction","target":["https:\/\/yomvoo.com\/international-business-finance\/"]}]},{"@type":"ImageObject","inLanguage":"fr-FR","@id":"https:\/\/yomvoo.com\/international-business-finance\/#primaryimage","url":"https:\/\/yomvoo.com\/wp-content\/uploads\/2024\/01\/Finance.jpg","contentUrl":"https:\/\/yomvoo.com\/wp-content\/uploads\/2024\/01\/Finance.jpg"},{"@type":"BreadcrumbList","@id":"https:\/\/yomvoo.com\/international-business-finance\/#breadcrumb","itemListElement":[{"@type":"ListItem","position":1,"name":"Home","item":"https:\/\/yomvoo.com\/"},{"@type":"ListItem","position":2,"name":"International Business Finance"}]},{"@type":"WebSite","@id":"https:\/\/yomvoo.com\/#website","url":"https:\/\/yomvoo.com\/","name":"Yomvoo\u2122","description":"Private Capital Advisors and AI Infrastructure Strategist","potentialAction":[{"@type":"SearchAction","target":{"@type":"EntryPoint","urlTemplate":"https:\/\/yomvoo.com\/?s={search_term_string}"},"query-input":"required name=search_term_string"}],"inLanguage":"fr-FR"}]}},"_links":{"self":[{"href":"https:\/\/yomvoo.com\/fr\/wp-json\/wp\/v2\/pages\/3873","targetHints":{"allow":["GET"]}}],"collection":[{"href":"https:\/\/yomvoo.com\/fr\/wp-json\/wp\/v2\/pages"}],"about":[{"href":"https:\/\/yomvoo.com\/fr\/wp-json\/wp\/v2\/types\/page"}],"author":[{"embeddable":true,"href":"https:\/\/yomvoo.com\/fr\/wp-json\/wp\/v2\/users\/1"}],"replies":[{"embeddable":true,"href":"https:\/\/yomvoo.com\/fr\/wp-json\/wp\/v2\/comments?post=3873"}],"version-history":[{"count":19,"href":"https:\/\/yomvoo.com\/fr\/wp-json\/wp\/v2\/pages\/3873\/revisions"}],"predecessor-version":[{"id":4354,"href":"https:\/\/yomvoo.com\/fr\/wp-json\/wp\/v2\/pages\/3873\/revisions\/4354"}],"wp:attachment":[{"href":"https:\/\/yomvoo.com\/fr\/wp-json\/wp\/v2\/media?parent=3873"}],"curies":[{"name":"wp","href":"https:\/\/api.w.org\/{rel}","templated":true}]}}