{"id":3876,"date":"2024-01-20T13:56:34","date_gmt":"2024-01-20T13:56:34","guid":{"rendered":"https:\/\/yomvoo.com\/?page_id=3876"},"modified":"2026-04-13T14:36:48","modified_gmt":"2026-04-13T14:36:48","slug":"real-estate-ventures","status":"publish","type":"page","link":"https:\/\/yomvoo.com\/fr\/real-estate-ventures\/","title":{"rendered":"Entreprises immobili\u00e8res"},"content":{"rendered":"<div data-elementor-type=\"wp-page\" data-elementor-id=\"3876\" class=\"elementor elementor-3876\">\n\t\t\t\t\t\t<section class=\"elementor-section elementor-top-section elementor-element elementor-element-444bffd elementor-section-height-min-height elementor-section-boxed elementor-section-height-default elementor-section-items-middle\" data-id=\"444bffd\" data-element_type=\"section\" data-settings=\"{&quot;background_background&quot;:&quot;classic&quot;}\">\n\t\t\t\t\t\t\t<div class=\"elementor-background-overlay\"><\/div>\n\t\t\t\t\t\t\t<div class=\"elementor-container elementor-column-gap-default\">\n\t\t\t\t\t<div class=\"elementor-column elementor-col-100 elementor-top-column elementor-element elementor-element-ac3fbab\" data-id=\"ac3fbab\" data-element_type=\"column\" data-settings=\"{&quot;background_background&quot;:&quot;classic&quot;}\">\n\t\t\t<div class=\"elementor-widget-wrap elementor-element-populated\">\n\t\t\t\t\t\t<div class=\"elementor-element elementor-element-f14ba63 elementor-invisible elementor-widget elementor-widget-heading\" data-id=\"f14ba63\" data-element_type=\"widget\" data-settings=\"{&quot;_animation&quot;:&quot;fadeInUp&quot;}\" data-widget_type=\"heading.default\">\n\t\t\t\t<div class=\"elementor-widget-container\">\n\t\t\t\t\t<h1 class=\"elementor-heading-title elementor-size-default\">Entreprises immobili\u00e8res<\/h1>\t\t\t\t<\/div>\n\t\t\t\t<\/div>\n\t\t\t\t\t<\/div>\n\t\t<\/div>\n\t\t\t\t\t<\/div>\n\t\t<\/section>\n\t\t\t\t<section class=\"elementor-section elementor-top-section elementor-element elementor-element-165cd5e elementor-section-boxed elementor-section-height-default elementor-section-height-default\" data-id=\"165cd5e\" data-element_type=\"section\" data-settings=\"{&quot;background_background&quot;:&quot;classic&quot;}\">\n\t\t\t\t\t\t\t<div class=\"elementor-background-overlay\"><\/div>\n\t\t\t\t\t\t\t<div class=\"elementor-container elementor-column-gap-default\">\n\t\t\t\t\t<div class=\"elementor-column elementor-col-50 elementor-top-column elementor-element elementor-element-74eca16\" data-id=\"74eca16\" data-element_type=\"column\">\n\t\t\t<div class=\"elementor-widget-wrap elementor-element-populated\">\n\t\t\t\t\t\t<div class=\"elementor-element elementor-element-62b2c3f elementor-widget elementor-widget-heading\" data-id=\"62b2c3f\" data-element_type=\"widget\" data-widget_type=\"heading.default\">\n\t\t\t\t<div class=\"elementor-widget-container\">\n\t\t\t\t\t<h5 class=\"elementor-heading-title elementor-size-default\">Alimenter votre r\u00e9ussite, depuis la r\u00e9paration et le retournement jusqu'aux investissements commerciaux<\/h5>\t\t\t\t<\/div>\n\t\t\t\t<\/div>\n\t\t\t\t<div class=\"elementor-element elementor-element-5aab549 elementor-widget elementor-widget-text-editor\" data-id=\"5aab549\" data-element_type=\"widget\" data-widget_type=\"text-editor.default\">\n\t\t\t\t<div class=\"elementor-widget-container\">\n\t\t\t\t\t\t\t\t\t<p>Le service Real Estate Ventures de Yomvoo est votre partenaire d\u00e9vou\u00e9 pour propulser le succ\u00e8s dans tout le spectre des projets immobiliers. Que vous soyez engag\u00e9 dans des projets de r\u00e9paration et de r\u00e9novation, que vous vous aventuriez dans des d\u00e9veloppements r\u00e9sidentiels ou que vous exploriez des investissements commerciaux, Yomvoo est la force motrice qui alimente votre r\u00e9ussite immobili\u00e8re.<\/p><p>Au c\u0153ur de Real Estate Ventures se trouve notre engagement \u00e0 comprendre les nuances du paysage immobilier diversifi\u00e9. L'\u00e9quipe de Yomvoo collabore \u00e9troitement avec des professionnels de l'immobilier, des promoteurs et des investisseurs pour cr\u00e9er des solutions financi\u00e8res sur mesure.<\/p>\t\t\t\t\t\t\t\t<\/div>\n\t\t\t\t<\/div>\n\t\t\t\t\t<\/div>\n\t\t<\/div>\n\t\t\t\t<div class=\"elementor-column elementor-col-50 elementor-top-column elementor-element elementor-element-2c79605\" data-id=\"2c79605\" data-element_type=\"column\">\n\t\t\t<div class=\"elementor-widget-wrap elementor-element-populated\">\n\t\t\t\t\t\t<div class=\"elementor-element elementor-element-ee0b19a elementor-widget elementor-widget-image\" data-id=\"ee0b19a\" data-element_type=\"widget\" data-widget_type=\"image.default\">\n\t\t\t\t<div class=\"elementor-widget-container\">\n\t\t\t\t\t\t\t\t\t\t\t\t\t\t\t<img fetchpriority=\"high\" decoding=\"async\" width=\"600\" height=\"400\" src=\"https:\/\/yomvoo.com\/wp-content\/uploads\/2024\/01\/Real-Estate-26.jpg\" class=\"attachment-full size-full wp-image-4588\" alt=\"Real-Estate\" srcset=\"https:\/\/yomvoo.com\/wp-content\/uploads\/2024\/01\/Real-Estate-26.jpg 600w, https:\/\/yomvoo.com\/wp-content\/uploads\/2024\/01\/Real-Estate-26-300x200.jpg 300w\" sizes=\"(max-width: 600px) 100vw, 600px\" \/>\t\t\t\t\t\t\t\t\t\t\t\t\t\t\t<\/div>\n\t\t\t\t<\/div>\n\t\t\t\t\t<\/div>\n\t\t<\/div>\n\t\t\t\t\t<\/div>\n\t\t<\/section>\n\t\t\t\t<section class=\"elementor-section elementor-top-section elementor-element elementor-element-293146d elementor-section-boxed elementor-section-height-default elementor-section-height-default\" data-id=\"293146d\" data-element_type=\"section\" data-settings=\"{&quot;background_background&quot;:&quot;classic&quot;}\">\n\t\t\t\t\t\t<div class=\"elementor-container elementor-column-gap-default\">\n\t\t\t\t\t<div class=\"elementor-column elementor-col-100 elementor-top-column elementor-element elementor-element-5e7dc8d\" data-id=\"5e7dc8d\" data-element_type=\"column\">\n\t\t\t<div class=\"elementor-widget-wrap elementor-element-populated\">\n\t\t\t\t\t\t<div class=\"elementor-element elementor-element-e910073 elementor-widget elementor-widget-text-editor\" data-id=\"e910073\" data-element_type=\"widget\" data-widget_type=\"text-editor.default\">\n\t\t\t\t<div class=\"elementor-widget-container\">\n\t\t\t\t\t\t\t\t\t<p>De la fourniture d'un financement rapide pour des projets de r\u00e9paration au soutien d'entreprises commerciales ambitieuses, notre service est con\u00e7u pour s'harmoniser avec vos objectifs, garantissant que chaque projet immobilier soit une r\u00e9ussite.<br \/>Notre approche va au-del\u00e0 du financement traditionnel. Yomvoo vise \u00e0 \u00eatre un partenaire strat\u00e9gique tout au long du parcours immobilier, offrant des informations, des conseils et un soutien ind\u00e9fectible. Que vous naviguiez sur le march\u00e9 concurrentiel du fix-and-flip ou que vous vous lancez dans des investissements commerciaux complexes, Yomvoo's Real Estate Ventures est votre alli\u00e9 de confiance pour alimenter le succ\u00e8s et avoir un impact durable dans le monde dynamique de l'immobilier.<br \/>Pour vous lancer dans une aventure de r\u00e9ussite immobili\u00e8re, nous vous invitons \u00e0 nous contacter avec un r\u00e9sum\u00e9 d'une ou deux pages sans frais pour vous.<\/p>\t\t\t\t\t\t\t\t<\/div>\n\t\t\t\t<\/div>\n\t\t\t\t<div class=\"elementor-element elementor-element-741b708 elementor-align-center elementor-widget elementor-widget-button\" data-id=\"741b708\" data-element_type=\"widget\" data-widget_type=\"button.default\">\n\t\t\t\t<div class=\"elementor-widget-container\">\n\t\t\t\t\t\t\t\t\t<div class=\"elementor-button-wrapper\">\n\t\t\t\t\t<a class=\"elementor-button elementor-button-link elementor-size-sm\" href=\"https:\/\/yomvoo.com\/fr\/application\/\">\n\t\t\t\t\t\t<span class=\"elementor-button-content-wrapper\">\n\t\t\t\t\t\t\t\t\t<span class=\"elementor-button-text\">Cliquez ici pour postuler<\/span>\n\t\t\t\t\t<\/span>\n\t\t\t\t\t<\/a>\n\t\t\t\t<\/div>\n\t\t\t\t\t\t\t\t<\/div>\n\t\t\t\t<\/div>\n\t\t\t\t\t<\/div>\n\t\t<\/div>\n\t\t\t\t\t<\/div>\n\t\t<\/section>\n\t\t\t\t<\/div>","protected":false},"excerpt":{"rendered":"<p>Real Estate Ventures Fueling Your Success from Fix and Flip to Commercial Investments Yomvoo&#8217;s Real Estate Ventures service is your dedicated partner in propelling success across the spectrum of real estate endeavors. Whether you&#8217;re engaged in fix-and-flip projects, venturing into residential developments, or exploring commercial investments, Yomvoo stands as the driving force that fuels your [&hellip;]<\/p>","protected":false},"author":1,"featured_media":0,"parent":0,"menu_order":0,"comment_status":"closed","ping_status":"closed","template":"elementor_header_footer","meta":{"footnotes":""},"class_list":["post-3876","page","type-page","status-publish","hentry"],"yoast_head":"<!-- This site is optimized with the Yoast SEO plugin v23.1 - https:\/\/yoast.com\/wordpress\/plugins\/seo\/ -->\n<title>Real Estate Funding | Fix &amp; Flip &amp; Commercial Yomvoo\u2122<\/title>\n<meta name=\"description\" content=\"Get real estate funding with Yomvoo\u2122 for fix and flip, residential, and commercial projects. Access tailored capital and expert advisory support.\" \/>\n<meta name=\"robots\" content=\"index, follow, max-snippet:-1, max-image-preview:large, max-video-preview:-1\" \/>\n<link rel=\"canonical\" href=\"https:\/\/yomvoo.com\/fr\/real-estate-ventures\/\" \/>\n<meta property=\"og:locale\" content=\"fr_FR\" \/>\n<meta property=\"og:type\" content=\"article\" \/>\n<meta property=\"og:title\" content=\"Real Estate Funding | Fix &amp; Flip &amp; Commercial Yomvoo\u2122\" \/>\n<meta property=\"og:description\" content=\"Get real estate funding with Yomvoo\u2122 for fix and flip, residential, and commercial projects. Access tailored capital and expert advisory support.\" \/>\n<meta property=\"og:url\" content=\"https:\/\/yomvoo.com\/fr\/real-estate-ventures\/\" \/>\n<meta property=\"og:site_name\" content=\"Yomvoo\u2122\" \/>\n<meta property=\"article:modified_time\" content=\"2026-04-13T14:36:48+00:00\" \/>\n<meta property=\"og:image\" content=\"https:\/\/yomvoo.com\/wp-content\/uploads\/2024\/01\/Real-Estate-26.jpg\" \/>\n<meta name=\"twitter:card\" content=\"summary_large_image\" \/>\n<meta name=\"twitter:label1\" content=\"Dur\u00e9e de lecture estim\u00e9e\" \/>\n\t<meta name=\"twitter:data1\" content=\"2 minutes\" \/>\n<script type=\"application\/ld+json\" class=\"yoast-schema-graph\">{\"@context\":\"https:\/\/schema.org\",\"@graph\":[{\"@type\":\"WebPage\",\"@id\":\"https:\/\/yomvoo.com\/real-estate-ventures\/\",\"url\":\"https:\/\/yomvoo.com\/real-estate-ventures\/\",\"name\":\"Real Estate Funding | Fix & Flip & Commercial Yomvoo\u2122\",\"isPartOf\":{\"@id\":\"https:\/\/yomvoo.com\/#website\"},\"primaryImageOfPage\":{\"@id\":\"https:\/\/yomvoo.com\/real-estate-ventures\/#primaryimage\"},\"image\":{\"@id\":\"https:\/\/yomvoo.com\/real-estate-ventures\/#primaryimage\"},\"thumbnailUrl\":\"https:\/\/yomvoo.com\/wp-content\/uploads\/2024\/01\/Real-Estate-26.jpg\",\"datePublished\":\"2024-01-20T13:56:34+00:00\",\"dateModified\":\"2026-04-13T14:36:48+00:00\",\"description\":\"Get real estate funding with Yomvoo\u2122 for fix and flip, residential, and commercial projects. Access tailored capital and expert advisory support.\",\"breadcrumb\":{\"@id\":\"https:\/\/yomvoo.com\/real-estate-ventures\/#breadcrumb\"},\"inLanguage\":\"fr-FR\",\"potentialAction\":[{\"@type\":\"ReadAction\",\"target\":[\"https:\/\/yomvoo.com\/real-estate-ventures\/\"]}]},{\"@type\":\"ImageObject\",\"inLanguage\":\"fr-FR\",\"@id\":\"https:\/\/yomvoo.com\/real-estate-ventures\/#primaryimage\",\"url\":\"https:\/\/yomvoo.com\/wp-content\/uploads\/2024\/01\/Real-Estate-26.jpg\",\"contentUrl\":\"https:\/\/yomvoo.com\/wp-content\/uploads\/2024\/01\/Real-Estate-26.jpg\"},{\"@type\":\"BreadcrumbList\",\"@id\":\"https:\/\/yomvoo.com\/real-estate-ventures\/#breadcrumb\",\"itemListElement\":[{\"@type\":\"ListItem\",\"position\":1,\"name\":\"Home\",\"item\":\"https:\/\/yomvoo.com\/\"},{\"@type\":\"ListItem\",\"position\":2,\"name\":\"Real Estate Ventures\"}]},{\"@type\":\"WebSite\",\"@id\":\"https:\/\/yomvoo.com\/#website\",\"url\":\"https:\/\/yomvoo.com\/\",\"name\":\"Yomvoo\u2122\",\"description\":\"Private Capital Advisors and AI Infrastructure Strategist\",\"potentialAction\":[{\"@type\":\"SearchAction\",\"target\":{\"@type\":\"EntryPoint\",\"urlTemplate\":\"https:\/\/yomvoo.com\/?s={search_term_string}\"},\"query-input\":\"required name=search_term_string\"}],\"inLanguage\":\"fr-FR\"}]}<\/script>\n<!-- \/ Yoast SEO plugin. -->","yoast_head_json":{"title":"Real Estate Funding | Fix & Flip & Commercial Yomvoo\u2122","description":"Get real estate funding with Yomvoo\u2122 for fix and flip, residential, and commercial projects. Access tailored capital and expert advisory support.","robots":{"index":"index","follow":"follow","max-snippet":"max-snippet:-1","max-image-preview":"max-image-preview:large","max-video-preview":"max-video-preview:-1"},"canonical":"https:\/\/yomvoo.com\/fr\/real-estate-ventures\/","og_locale":"fr_FR","og_type":"article","og_title":"Real Estate Funding | Fix & Flip & Commercial Yomvoo\u2122","og_description":"Get real estate funding with Yomvoo\u2122 for fix and flip, residential, and commercial projects. Access tailored capital and expert advisory support.","og_url":"https:\/\/yomvoo.com\/fr\/real-estate-ventures\/","og_site_name":"Yomvoo\u2122","article_modified_time":"2026-04-13T14:36:48+00:00","og_image":[{"url":"https:\/\/yomvoo.com\/wp-content\/uploads\/2024\/01\/Real-Estate-26.jpg"}],"twitter_card":"summary_large_image","twitter_misc":{"Dur\u00e9e de lecture estim\u00e9e":"2 minutes"},"schema":{"@context":"https:\/\/schema.org","@graph":[{"@type":"WebPage","@id":"https:\/\/yomvoo.com\/real-estate-ventures\/","url":"https:\/\/yomvoo.com\/real-estate-ventures\/","name":"Real Estate Funding | Fix & Flip & Commercial Yomvoo\u2122","isPartOf":{"@id":"https:\/\/yomvoo.com\/#website"},"primaryImageOfPage":{"@id":"https:\/\/yomvoo.com\/real-estate-ventures\/#primaryimage"},"image":{"@id":"https:\/\/yomvoo.com\/real-estate-ventures\/#primaryimage"},"thumbnailUrl":"https:\/\/yomvoo.com\/wp-content\/uploads\/2024\/01\/Real-Estate-26.jpg","datePublished":"2024-01-20T13:56:34+00:00","dateModified":"2026-04-13T14:36:48+00:00","description":"Get real estate funding with Yomvoo\u2122 for fix and flip, residential, and commercial projects. Access tailored capital and expert advisory support.","breadcrumb":{"@id":"https:\/\/yomvoo.com\/real-estate-ventures\/#breadcrumb"},"inLanguage":"fr-FR","potentialAction":[{"@type":"ReadAction","target":["https:\/\/yomvoo.com\/real-estate-ventures\/"]}]},{"@type":"ImageObject","inLanguage":"fr-FR","@id":"https:\/\/yomvoo.com\/real-estate-ventures\/#primaryimage","url":"https:\/\/yomvoo.com\/wp-content\/uploads\/2024\/01\/Real-Estate-26.jpg","contentUrl":"https:\/\/yomvoo.com\/wp-content\/uploads\/2024\/01\/Real-Estate-26.jpg"},{"@type":"BreadcrumbList","@id":"https:\/\/yomvoo.com\/real-estate-ventures\/#breadcrumb","itemListElement":[{"@type":"ListItem","position":1,"name":"Home","item":"https:\/\/yomvoo.com\/"},{"@type":"ListItem","position":2,"name":"Real Estate Ventures"}]},{"@type":"WebSite","@id":"https:\/\/yomvoo.com\/#website","url":"https:\/\/yomvoo.com\/","name":"Yomvoo\u2122","description":"Private Capital Advisors and AI Infrastructure Strategist","potentialAction":[{"@type":"SearchAction","target":{"@type":"EntryPoint","urlTemplate":"https:\/\/yomvoo.com\/?s={search_term_string}"},"query-input":"required name=search_term_string"}],"inLanguage":"fr-FR"}]}},"_links":{"self":[{"href":"https:\/\/yomvoo.com\/fr\/wp-json\/wp\/v2\/pages\/3876","targetHints":{"allow":["GET"]}}],"collection":[{"href":"https:\/\/yomvoo.com\/fr\/wp-json\/wp\/v2\/pages"}],"about":[{"href":"https:\/\/yomvoo.com\/fr\/wp-json\/wp\/v2\/types\/page"}],"author":[{"embeddable":true,"href":"https:\/\/yomvoo.com\/fr\/wp-json\/wp\/v2\/users\/1"}],"replies":[{"embeddable":true,"href":"https:\/\/yomvoo.com\/fr\/wp-json\/wp\/v2\/comments?post=3876"}],"version-history":[{"count":23,"href":"https:\/\/yomvoo.com\/fr\/wp-json\/wp\/v2\/pages\/3876\/revisions"}],"predecessor-version":[{"id":5163,"href":"https:\/\/yomvoo.com\/fr\/wp-json\/wp\/v2\/pages\/3876\/revisions\/5163"}],"wp:attachment":[{"href":"https:\/\/yomvoo.com\/fr\/wp-json\/wp\/v2\/media?parent=3876"}],"curies":[{"name":"wp","href":"https:\/\/api.w.org\/{rel}","templated":true}]}}