{"id":3879,"date":"2024-01-20T14:00:33","date_gmt":"2024-01-20T14:00:33","guid":{"rendered":"https:\/\/yomvoo.com\/?page_id=3879"},"modified":"2026-04-13T14:34:43","modified_gmt":"2026-04-13T14:34:43","slug":"other-ventures","status":"publish","type":"page","link":"https:\/\/yomvoo.com\/fr\/other-ventures\/","title":{"rendered":"Autres entreprises"},"content":{"rendered":"<div data-elementor-type=\"wp-page\" data-elementor-id=\"3879\" class=\"elementor elementor-3879\">\n\t\t\t\t\t\t<section class=\"elementor-section elementor-top-section elementor-element elementor-element-55e6873 elementor-section-height-min-height elementor-section-boxed elementor-section-height-default elementor-section-items-middle\" data-id=\"55e6873\" data-element_type=\"section\" data-settings=\"{&quot;background_background&quot;:&quot;classic&quot;}\">\n\t\t\t\t\t\t\t<div class=\"elementor-background-overlay\"><\/div>\n\t\t\t\t\t\t\t<div class=\"elementor-container elementor-column-gap-default\">\n\t\t\t\t\t<div class=\"elementor-column elementor-col-100 elementor-top-column elementor-element elementor-element-5acdb9c\" data-id=\"5acdb9c\" data-element_type=\"column\" data-settings=\"{&quot;background_background&quot;:&quot;classic&quot;}\">\n\t\t\t<div class=\"elementor-widget-wrap elementor-element-populated\">\n\t\t\t\t\t\t<div class=\"elementor-element elementor-element-0a260e0 elementor-invisible elementor-widget elementor-widget-heading\" data-id=\"0a260e0\" data-element_type=\"widget\" data-settings=\"{&quot;_animation&quot;:&quot;fadeInUp&quot;}\" data-widget_type=\"heading.default\">\n\t\t\t\t<div class=\"elementor-widget-container\">\n\t\t\t\t\t<h1 class=\"elementor-heading-title elementor-size-default\">Autres entreprises<\/h1>\t\t\t\t<\/div>\n\t\t\t\t<\/div>\n\t\t\t\t\t<\/div>\n\t\t<\/div>\n\t\t\t\t\t<\/div>\n\t\t<\/section>\n\t\t\t\t<section class=\"elementor-section elementor-top-section elementor-element elementor-element-9f12359 elementor-section-boxed elementor-section-height-default elementor-section-height-default\" data-id=\"9f12359\" data-element_type=\"section\" data-settings=\"{&quot;background_background&quot;:&quot;classic&quot;}\">\n\t\t\t\t\t\t\t<div class=\"elementor-background-overlay\"><\/div>\n\t\t\t\t\t\t\t<div class=\"elementor-container elementor-column-gap-default\">\n\t\t\t\t\t<div class=\"elementor-column elementor-col-50 elementor-top-column elementor-element elementor-element-5ed57b3\" data-id=\"5ed57b3\" data-element_type=\"column\">\n\t\t\t<div class=\"elementor-widget-wrap elementor-element-populated\">\n\t\t\t\t\t\t<div class=\"elementor-element elementor-element-2ac6a9d elementor-widget elementor-widget-image\" data-id=\"2ac6a9d\" data-element_type=\"widget\" data-widget_type=\"image.default\">\n\t\t\t\t<div class=\"elementor-widget-container\">\n\t\t\t\t\t\t\t\t\t\t\t\t\t\t\t<img fetchpriority=\"high\" decoding=\"async\" width=\"600\" height=\"400\" src=\"https:\/\/yomvoo.com\/wp-content\/uploads\/2024\/01\/Other-26.jpg\" class=\"attachment-full size-full wp-image-4580\" alt=\"\" srcset=\"https:\/\/yomvoo.com\/wp-content\/uploads\/2024\/01\/Other-26.jpg 600w, https:\/\/yomvoo.com\/wp-content\/uploads\/2024\/01\/Other-26-300x200.jpg 300w\" sizes=\"(max-width: 600px) 100vw, 600px\" \/>\t\t\t\t\t\t\t\t\t\t\t\t\t\t\t<\/div>\n\t\t\t\t<\/div>\n\t\t\t\t\t<\/div>\n\t\t<\/div>\n\t\t\t\t<div class=\"elementor-column elementor-col-50 elementor-top-column elementor-element elementor-element-0d8a2cf\" data-id=\"0d8a2cf\" data-element_type=\"column\">\n\t\t\t<div class=\"elementor-widget-wrap elementor-element-populated\">\n\t\t\t\t\t\t<div class=\"elementor-element elementor-element-632a308 elementor-widget elementor-widget-heading\" data-id=\"632a308\" data-element_type=\"widget\" data-widget_type=\"heading.default\">\n\t\t\t\t<div class=\"elementor-widget-container\">\n\t\t\t\t\t<h5 class=\"elementor-heading-title elementor-size-default\">Des solutions sur mesure pour diverses opportunit\u00e9s<\/h5>\t\t\t\t<\/div>\n\t\t\t\t<\/div>\n\t\t\t\t<div class=\"elementor-element elementor-element-927f03f elementor-widget elementor-widget-text-editor\" data-id=\"927f03f\" data-element_type=\"widget\" data-widget_type=\"text-editor.default\">\n\t\t\t\t<div class=\"elementor-widget-container\">\n\t\t\t\t\t\t\t\t\t<p>L\u2019engagement de Yomvoo envers l\u2019excellence s\u2019\u00e9tend au-del\u00e0 de nos services d\u00e9finis. Notre expertise et notre approche flexible nous permettent de r\u00e9pondre \u00e0 un large \u00e9ventail de projets au-del\u00e0 de nos offres principales. Que vous soyez impliqu\u00e9 dans des projets non conventionnels, des mod\u00e8les commerciaux uniques ou des entreprises ayant des besoins financiers divers, Yomvoo\u2122 est pr\u00eat \u00e0 fournir des solutions sur mesure qui correspondent \u00e0 vos objectifs sp\u00e9cifiques.<br \/>Pour explorer des solutions sur mesure pour vos projets uniques, nous vous invitons \u00e0 nous contacter avec un r\u00e9sum\u00e9 ex\u00e9cutif d'une ou deux pages, sans frais pour vous.<\/p>\t\t\t\t\t\t\t\t<\/div>\n\t\t\t\t<\/div>\n\t\t\t\t<div class=\"elementor-element elementor-element-50b808a elementor-align-center elementor-widget elementor-widget-button\" data-id=\"50b808a\" data-element_type=\"widget\" data-widget_type=\"button.default\">\n\t\t\t\t<div class=\"elementor-widget-container\">\n\t\t\t\t\t\t\t\t\t<div class=\"elementor-button-wrapper\">\n\t\t\t\t\t<a class=\"elementor-button elementor-button-link elementor-size-sm\" href=\"https:\/\/yomvoo.com\/fr\/application\/\">\n\t\t\t\t\t\t<span class=\"elementor-button-content-wrapper\">\n\t\t\t\t\t\t\t\t\t<span class=\"elementor-button-text\">Cliquez ici pour postuler<\/span>\n\t\t\t\t\t<\/span>\n\t\t\t\t\t<\/a>\n\t\t\t\t<\/div>\n\t\t\t\t\t\t\t\t<\/div>\n\t\t\t\t<\/div>\n\t\t\t\t\t<\/div>\n\t\t<\/div>\n\t\t\t\t\t<\/div>\n\t\t<\/section>\n\t\t\t\t<\/div>","protected":false},"excerpt":{"rendered":"<p>Other Ventures Tailored Solutions for Diverse Opportunities Yomvoo&#8217;s commitment to excellence extends beyond our defined services. Our expertise and flexible approach allow us to cater to a broad spectrum of ventures beyond our core offerings. Whether you&#8217;re involved in unconventional projects, unique business models, or ventures with diverse financial needs, Yomvoo\u2122 stands ready to provide [&hellip;]<\/p>","protected":false},"author":1,"featured_media":0,"parent":0,"menu_order":0,"comment_status":"closed","ping_status":"closed","template":"elementor_header_footer","meta":{"footnotes":""},"class_list":["post-3879","page","type-page","status-publish","hentry"],"yoast_head":"<!-- This site is optimized with the Yoast SEO plugin v23.1 - https:\/\/yoast.com\/wordpress\/plugins\/seo\/ -->\n<title>Other Ventures Funding | Tailored Capital Yomvoo\u2122<\/title>\n<meta name=\"description\" content=\"Explore funding for unique ventures with Yomvoo\u2122. Access tailored capital solutions for unconventional projects and diverse business opportunities.\" \/>\n<meta name=\"robots\" content=\"index, follow, max-snippet:-1, max-image-preview:large, max-video-preview:-1\" \/>\n<link rel=\"canonical\" href=\"https:\/\/yomvoo.com\/fr\/other-ventures\/\" \/>\n<meta property=\"og:locale\" content=\"fr_FR\" \/>\n<meta property=\"og:type\" content=\"article\" \/>\n<meta property=\"og:title\" content=\"Other Ventures Funding | Tailored Capital Yomvoo\u2122\" \/>\n<meta property=\"og:description\" content=\"Explore funding for unique ventures with Yomvoo\u2122. Access tailored capital solutions for unconventional projects and diverse business opportunities.\" \/>\n<meta property=\"og:url\" content=\"https:\/\/yomvoo.com\/fr\/other-ventures\/\" \/>\n<meta property=\"og:site_name\" content=\"Yomvoo\u2122\" \/>\n<meta property=\"article:modified_time\" content=\"2026-04-13T14:34:43+00:00\" \/>\n<meta property=\"og:image\" content=\"https:\/\/yomvoo.com\/wp-content\/uploads\/2024\/01\/Other-26.jpg\" \/>\n<meta name=\"twitter:card\" content=\"summary_large_image\" \/>\n<meta name=\"twitter:label1\" content=\"Dur\u00e9e de lecture estim\u00e9e\" \/>\n\t<meta name=\"twitter:data1\" content=\"1 minute\" \/>\n<script type=\"application\/ld+json\" class=\"yoast-schema-graph\">{\"@context\":\"https:\/\/schema.org\",\"@graph\":[{\"@type\":\"WebPage\",\"@id\":\"https:\/\/yomvoo.com\/other-ventures\/\",\"url\":\"https:\/\/yomvoo.com\/other-ventures\/\",\"name\":\"Other Ventures Funding | Tailored Capital Yomvoo\u2122\",\"isPartOf\":{\"@id\":\"https:\/\/yomvoo.com\/#website\"},\"primaryImageOfPage\":{\"@id\":\"https:\/\/yomvoo.com\/other-ventures\/#primaryimage\"},\"image\":{\"@id\":\"https:\/\/yomvoo.com\/other-ventures\/#primaryimage\"},\"thumbnailUrl\":\"https:\/\/yomvoo.com\/wp-content\/uploads\/2024\/01\/Other-26.jpg\",\"datePublished\":\"2024-01-20T14:00:33+00:00\",\"dateModified\":\"2026-04-13T14:34:43+00:00\",\"description\":\"Explore funding for unique ventures with Yomvoo\u2122. Access tailored capital solutions for unconventional projects and diverse business opportunities.\",\"breadcrumb\":{\"@id\":\"https:\/\/yomvoo.com\/other-ventures\/#breadcrumb\"},\"inLanguage\":\"fr-FR\",\"potentialAction\":[{\"@type\":\"ReadAction\",\"target\":[\"https:\/\/yomvoo.com\/other-ventures\/\"]}]},{\"@type\":\"ImageObject\",\"inLanguage\":\"fr-FR\",\"@id\":\"https:\/\/yomvoo.com\/other-ventures\/#primaryimage\",\"url\":\"https:\/\/yomvoo.com\/wp-content\/uploads\/2024\/01\/Other-26.jpg\",\"contentUrl\":\"https:\/\/yomvoo.com\/wp-content\/uploads\/2024\/01\/Other-26.jpg\"},{\"@type\":\"BreadcrumbList\",\"@id\":\"https:\/\/yomvoo.com\/other-ventures\/#breadcrumb\",\"itemListElement\":[{\"@type\":\"ListItem\",\"position\":1,\"name\":\"Home\",\"item\":\"https:\/\/yomvoo.com\/\"},{\"@type\":\"ListItem\",\"position\":2,\"name\":\"Other Ventures\"}]},{\"@type\":\"WebSite\",\"@id\":\"https:\/\/yomvoo.com\/#website\",\"url\":\"https:\/\/yomvoo.com\/\",\"name\":\"Yomvoo\u2122\",\"description\":\"Private Capital Advisors and AI Infrastructure Strategist\",\"potentialAction\":[{\"@type\":\"SearchAction\",\"target\":{\"@type\":\"EntryPoint\",\"urlTemplate\":\"https:\/\/yomvoo.com\/?s={search_term_string}\"},\"query-input\":\"required name=search_term_string\"}],\"inLanguage\":\"fr-FR\"}]}<\/script>\n<!-- \/ Yoast SEO plugin. -->","yoast_head_json":{"title":"Other Ventures Funding | Tailored Capital Yomvoo\u2122","description":"Explore funding for unique ventures with Yomvoo\u2122. Access tailored capital solutions for unconventional projects and diverse business opportunities.","robots":{"index":"index","follow":"follow","max-snippet":"max-snippet:-1","max-image-preview":"max-image-preview:large","max-video-preview":"max-video-preview:-1"},"canonical":"https:\/\/yomvoo.com\/fr\/other-ventures\/","og_locale":"fr_FR","og_type":"article","og_title":"Other Ventures Funding | Tailored Capital Yomvoo\u2122","og_description":"Explore funding for unique ventures with Yomvoo\u2122. Access tailored capital solutions for unconventional projects and diverse business opportunities.","og_url":"https:\/\/yomvoo.com\/fr\/other-ventures\/","og_site_name":"Yomvoo\u2122","article_modified_time":"2026-04-13T14:34:43+00:00","og_image":[{"url":"https:\/\/yomvoo.com\/wp-content\/uploads\/2024\/01\/Other-26.jpg"}],"twitter_card":"summary_large_image","twitter_misc":{"Dur\u00e9e de lecture estim\u00e9e":"1 minute"},"schema":{"@context":"https:\/\/schema.org","@graph":[{"@type":"WebPage","@id":"https:\/\/yomvoo.com\/other-ventures\/","url":"https:\/\/yomvoo.com\/other-ventures\/","name":"Other Ventures Funding | Tailored Capital Yomvoo\u2122","isPartOf":{"@id":"https:\/\/yomvoo.com\/#website"},"primaryImageOfPage":{"@id":"https:\/\/yomvoo.com\/other-ventures\/#primaryimage"},"image":{"@id":"https:\/\/yomvoo.com\/other-ventures\/#primaryimage"},"thumbnailUrl":"https:\/\/yomvoo.com\/wp-content\/uploads\/2024\/01\/Other-26.jpg","datePublished":"2024-01-20T14:00:33+00:00","dateModified":"2026-04-13T14:34:43+00:00","description":"Explore funding for unique ventures with Yomvoo\u2122. Access tailored capital solutions for unconventional projects and diverse business opportunities.","breadcrumb":{"@id":"https:\/\/yomvoo.com\/other-ventures\/#breadcrumb"},"inLanguage":"fr-FR","potentialAction":[{"@type":"ReadAction","target":["https:\/\/yomvoo.com\/other-ventures\/"]}]},{"@type":"ImageObject","inLanguage":"fr-FR","@id":"https:\/\/yomvoo.com\/other-ventures\/#primaryimage","url":"https:\/\/yomvoo.com\/wp-content\/uploads\/2024\/01\/Other-26.jpg","contentUrl":"https:\/\/yomvoo.com\/wp-content\/uploads\/2024\/01\/Other-26.jpg"},{"@type":"BreadcrumbList","@id":"https:\/\/yomvoo.com\/other-ventures\/#breadcrumb","itemListElement":[{"@type":"ListItem","position":1,"name":"Home","item":"https:\/\/yomvoo.com\/"},{"@type":"ListItem","position":2,"name":"Other Ventures"}]},{"@type":"WebSite","@id":"https:\/\/yomvoo.com\/#website","url":"https:\/\/yomvoo.com\/","name":"Yomvoo\u2122","description":"Private Capital Advisors and AI Infrastructure Strategist","potentialAction":[{"@type":"SearchAction","target":{"@type":"EntryPoint","urlTemplate":"https:\/\/yomvoo.com\/?s={search_term_string}"},"query-input":"required name=search_term_string"}],"inLanguage":"fr-FR"}]}},"_links":{"self":[{"href":"https:\/\/yomvoo.com\/fr\/wp-json\/wp\/v2\/pages\/3879","targetHints":{"allow":["GET"]}}],"collection":[{"href":"https:\/\/yomvoo.com\/fr\/wp-json\/wp\/v2\/pages"}],"about":[{"href":"https:\/\/yomvoo.com\/fr\/wp-json\/wp\/v2\/types\/page"}],"author":[{"embeddable":true,"href":"https:\/\/yomvoo.com\/fr\/wp-json\/wp\/v2\/users\/1"}],"replies":[{"embeddable":true,"href":"https:\/\/yomvoo.com\/fr\/wp-json\/wp\/v2\/comments?post=3879"}],"version-history":[{"count":22,"href":"https:\/\/yomvoo.com\/fr\/wp-json\/wp\/v2\/pages\/3879\/revisions"}],"predecessor-version":[{"id":4583,"href":"https:\/\/yomvoo.com\/fr\/wp-json\/wp\/v2\/pages\/3879\/revisions\/4583"}],"wp:attachment":[{"href":"https:\/\/yomvoo.com\/fr\/wp-json\/wp\/v2\/media?parent=3879"}],"curies":[{"name":"wp","href":"https:\/\/api.w.org\/{rel}","templated":true}]}}