{"id":5253,"date":"2026-04-14T08:32:04","date_gmt":"2026-04-14T08:32:04","guid":{"rendered":"https:\/\/yomvoo.com\/?page_id=5253"},"modified":"2026-04-14T09:44:46","modified_gmt":"2026-04-14T09:44:46","slug":"smart-asset%e2%80%91backed-funding","status":"publish","type":"page","link":"https:\/\/yomvoo.com\/fr\/smart-asset%e2%80%91backed-funding\/","title":{"rendered":"Financement adoss\u00e9 \u00e0 des actifs intelligents"},"content":{"rendered":"<div data-elementor-type=\"wp-page\" data-elementor-id=\"5253\" class=\"elementor elementor-5253\">\n\t\t\t\t\t\t<section class=\"elementor-section elementor-top-section elementor-element elementor-element-caffac7 elementor-section-height-min-height elementor-section-boxed elementor-section-height-default elementor-section-items-middle\" data-id=\"caffac7\" data-element_type=\"section\" data-settings=\"{&quot;background_background&quot;:&quot;classic&quot;}\">\n\t\t\t\t\t\t\t<div class=\"elementor-background-overlay\"><\/div>\n\t\t\t\t\t\t\t<div class=\"elementor-container elementor-column-gap-default\">\n\t\t\t\t\t<div class=\"elementor-column elementor-col-100 elementor-top-column elementor-element elementor-element-04396d6\" data-id=\"04396d6\" data-element_type=\"column\" data-settings=\"{&quot;background_background&quot;:&quot;classic&quot;}\">\n\t\t\t<div class=\"elementor-widget-wrap elementor-element-populated\">\n\t\t\t\t\t\t<div class=\"elementor-element elementor-element-95cca8b elementor-invisible elementor-widget elementor-widget-heading\" data-id=\"95cca8b\" data-element_type=\"widget\" data-settings=\"{&quot;_animation&quot;:&quot;fadeInUp&quot;}\" data-widget_type=\"heading.default\">\n\t\t\t\t<div class=\"elementor-widget-container\">\n\t\t\t\t\t<h1 class=\"elementor-heading-title elementor-size-default\">Financement adoss\u00e9 \u00e0 des actifs intelligents<\/h1>\t\t\t\t<\/div>\n\t\t\t\t<\/div>\n\t\t\t\t\t<\/div>\n\t\t<\/div>\n\t\t\t\t\t<\/div>\n\t\t<\/section>\n\t\t\t\t<section class=\"elementor-section elementor-top-section elementor-element elementor-element-9891f1f elementor-section-boxed elementor-section-height-default elementor-section-height-default\" data-id=\"9891f1f\" data-element_type=\"section\" data-settings=\"{&quot;background_background&quot;:&quot;classic&quot;}\">\n\t\t\t\t\t\t\t<div class=\"elementor-background-overlay\"><\/div>\n\t\t\t\t\t\t\t<div class=\"elementor-container elementor-column-gap-default\">\n\t\t\t\t\t<div class=\"elementor-column elementor-col-50 elementor-top-column elementor-element elementor-element-0b6fe1b\" data-id=\"0b6fe1b\" data-element_type=\"column\">\n\t\t\t<div class=\"elementor-widget-wrap elementor-element-populated\">\n\t\t\t\t\t\t<div class=\"elementor-element elementor-element-6624c89 elementor-widget elementor-widget-image\" data-id=\"6624c89\" data-element_type=\"widget\" data-widget_type=\"image.default\">\n\t\t\t\t<div class=\"elementor-widget-container\">\n\t\t\t\t\t\t\t\t\t\t\t\t\t\t\t<img fetchpriority=\"high\" decoding=\"async\" width=\"1280\" height=\"720\" src=\"https:\/\/yomvoo.com\/wp-content\/uploads\/2026\/04\/pexels-julien-goettelmann-44396125-29042393.jpg\" class=\"attachment-full size-full wp-image-5262\" alt=\"\" srcset=\"https:\/\/yomvoo.com\/wp-content\/uploads\/2026\/04\/pexels-julien-goettelmann-44396125-29042393.jpg 1280w, https:\/\/yomvoo.com\/wp-content\/uploads\/2026\/04\/pexels-julien-goettelmann-44396125-29042393-300x169.jpg 300w, https:\/\/yomvoo.com\/wp-content\/uploads\/2026\/04\/pexels-julien-goettelmann-44396125-29042393-1024x576.jpg 1024w, https:\/\/yomvoo.com\/wp-content\/uploads\/2026\/04\/pexels-julien-goettelmann-44396125-29042393-768x432.jpg 768w, https:\/\/yomvoo.com\/wp-content\/uploads\/2026\/04\/pexels-julien-goettelmann-44396125-29042393-18x10.jpg 18w\" sizes=\"(max-width: 1280px) 100vw, 1280px\" \/>\t\t\t\t\t\t\t\t\t\t\t\t\t\t\t<\/div>\n\t\t\t\t<\/div>\n\t\t\t\t\t<\/div>\n\t\t<\/div>\n\t\t\t\t<div class=\"elementor-column elementor-col-50 elementor-top-column elementor-element elementor-element-99a5151\" data-id=\"99a5151\" data-element_type=\"column\">\n\t\t\t<div class=\"elementor-widget-wrap elementor-element-populated\">\n\t\t\t\t\t\t<div class=\"elementor-element elementor-element-f42acfe elementor-widget elementor-widget-heading\" data-id=\"f42acfe\" data-element_type=\"widget\" data-widget_type=\"heading.default\">\n\t\t\t\t<div class=\"elementor-widget-container\">\n\t\t\t\t\t<h5 class=\"elementor-heading-title elementor-size-default\">Infrastructure num\u00e9rique et approvisionnement foncier pr\u00eat pour l'IA<\/h5>\t\t\t\t<\/div>\n\t\t\t\t<\/div>\n\t\t\t\t<div class=\"elementor-element elementor-element-2242849 elementor-widget elementor-widget-text-editor\" data-id=\"2242849\" data-element_type=\"widget\" data-widget_type=\"text-editor.default\">\n\t\t\t\t<div class=\"elementor-widget-container\">\n\t\t\t\t\t\t\t\t\tLa demande croissante en intelligence artificielle et en informatique en nuage a transform\u00e9 la valeur fonci\u00e8re. Chez Yomvoo\u2122, nous privil\u00e9gions une approche d'ing\u00e9nierie pour identifier et am\u00e9nager des sites d\u00e9di\u00e9s aux centres de donn\u00e9es et aux infrastructures num\u00e9riques. Au-del\u00e0 de la superficie, nous analysons les \u00e9l\u00e9ments essentiels souvent n\u00e9glig\u00e9s\u00a0: capacit\u00e9 du r\u00e9seau \u00e9lectrique, connectivit\u00e9 fibre optique et durabilit\u00e9 du refroidissement. Pour les investisseurs de la r\u00e9gion de Washington D.C. (DMV) et des p\u00f4les technologiques \u00e9mergents en Afrique, nous fournissons la feuille de route technique n\u00e9cessaire pour garantir qu'un site soit parfaitement adapt\u00e9 aux exigences de haute densit\u00e9 de l'\u00e8re de l'IA.\t\t\t\t\t\t\t\t<\/div>\n\t\t\t\t<\/div>\n\t\t\t\t\t<\/div>\n\t\t<\/div>\n\t\t\t\t\t<\/div>\n\t\t<\/section>\n\t\t\t\t<section class=\"elementor-section elementor-top-section elementor-element elementor-element-b132730 elementor-section-boxed elementor-section-height-default elementor-section-height-default\" data-id=\"b132730\" data-element_type=\"section\" data-settings=\"{&quot;background_background&quot;:&quot;classic&quot;}\">\n\t\t\t\t\t\t\t<div class=\"elementor-background-overlay\"><\/div>\n\t\t\t\t\t\t\t<div class=\"elementor-container elementor-column-gap-default\">\n\t\t\t\t\t<div class=\"elementor-column elementor-col-50 elementor-top-column elementor-element elementor-element-79c73a2\" data-id=\"79c73a2\" data-element_type=\"column\">\n\t\t\t<div class=\"elementor-widget-wrap elementor-element-populated\">\n\t\t\t\t\t\t<div class=\"elementor-element elementor-element-54d2d26 elementor-widget elementor-widget-heading\" data-id=\"54d2d26\" data-element_type=\"widget\" data-widget_type=\"heading.default\">\n\t\t\t\t<div class=\"elementor-widget-container\">\n\t\t\t\t\t<h5 class=\"elementor-heading-title elementor-size-default\">Capital priv\u00e9 strat\u00e9gique et liquidit\u00e9s adoss\u00e9es \u00e0 des actifs<\/h5>\t\t\t\t<\/div>\n\t\t\t\t<\/div>\n\t\t\t\t<div class=\"elementor-element elementor-element-36e2c89 elementor-widget elementor-widget-text-editor\" data-id=\"36e2c89\" data-element_type=\"widget\" data-widget_type=\"text-editor.default\">\n\t\t\t\t<div class=\"elementor-widget-container\">\n\t\t\t\t\t\t\t\t\t<p class=\"translation-block\">Bien que nous nous concentrions sur les infrastructures \u00e0 long terme, nous demeurons une source privil\u00e9gi\u00e9e de capitaux \u00e0 effet de levier \u00e9lev\u00e9 et \u00e0 court terme sur le march\u00e9 de la r\u00e9gion m\u00e9tropolitaine de Washington (DMV). Nous offrons la rapidit\u00e9 et la flexibilit\u00e9 que les banques traditionnelles ne peuvent proposer, et nous sommes sp\u00e9cialis\u00e9s dans\u00a0:<\/p><ul><li style=\"font-weight: 400;\" aria-level=\"1\" class=\"translation-block\"><b>Financement sur actifs<\/b> <b>Pr\u00eats\u00a0:<\/b> <span style=\"font-weight: 400\">Capital \u00e0 rotation rapide pour les projets de r\u00e9novation-revente et<\/span> <span style=\"font-weight: 400\">acquisitions r\u00e9sidentielles \u00e0 valeur ajout\u00e9e.<\/span><\/li><li style=\"font-weight: 400;\" aria-level=\"1\"><b>Bridge <\/b> <b>&amp; Transitional Financing:<\/b> <span style=\"font-weight: 400;\">Providing the necessary liquidity to move a property from <\/span> <span style=\"font-weight: 400;\">acquisition to stabilization or long-term refinance.<\/span><\/li><li style=\"font-weight: 400;\" aria-level=\"1\"><b>Direct <\/b> <b>Private Lending:<\/b> <span style=\"font-weight: 400;\">Offering streamlined, equity-driven funding for professional <\/span> <span style=\"font-weight: 400;\">investors who need to close on time-sensitive opportunities without <\/span> <span style=\"font-weight: 400;\">the red tape of institutional banking.<\/span><\/li><\/ul>\t\t\t\t\t\t\t\t<\/div>\n\t\t\t\t<\/div>\n\t\t\t\t\t<\/div>\n\t\t<\/div>\n\t\t\t\t<div class=\"elementor-column elementor-col-50 elementor-top-column elementor-element elementor-element-0d80f75\" data-id=\"0d80f75\" data-element_type=\"column\">\n\t\t\t<div class=\"elementor-widget-wrap elementor-element-populated\">\n\t\t\t\t\t\t<div class=\"elementor-element elementor-element-5cbae1f elementor-widget elementor-widget-image\" data-id=\"5cbae1f\" data-element_type=\"widget\" data-widget_type=\"image.default\">\n\t\t\t\t<div class=\"elementor-widget-container\">\n\t\t\t\t\t\t\t\t\t\t\t\t\t\t\t<img decoding=\"async\" width=\"1280\" height=\"720\" src=\"https:\/\/yomvoo.com\/wp-content\/uploads\/2026\/04\/pexels-silverkblack-36733413.jpg\" class=\"attachment-full size-full wp-image-5264\" alt=\"\" srcset=\"https:\/\/yomvoo.com\/wp-content\/uploads\/2026\/04\/pexels-silverkblack-36733413.jpg 1280w, https:\/\/yomvoo.com\/wp-content\/uploads\/2026\/04\/pexels-silverkblack-36733413-300x169.jpg 300w, https:\/\/yomvoo.com\/wp-content\/uploads\/2026\/04\/pexels-silverkblack-36733413-1024x576.jpg 1024w, https:\/\/yomvoo.com\/wp-content\/uploads\/2026\/04\/pexels-silverkblack-36733413-768x432.jpg 768w, https:\/\/yomvoo.com\/wp-content\/uploads\/2026\/04\/pexels-silverkblack-36733413-18x10.jpg 18w\" sizes=\"(max-width: 1280px) 100vw, 1280px\" \/>\t\t\t\t\t\t\t\t\t\t\t\t\t\t\t<\/div>\n\t\t\t\t<\/div>\n\t\t\t\t\t<\/div>\n\t\t<\/div>\n\t\t\t\t\t<\/div>\n\t\t<\/section>\n\t\t\t\t<section class=\"elementor-section elementor-top-section elementor-element elementor-element-6178c72 elementor-section-boxed elementor-section-height-default elementor-section-height-default\" data-id=\"6178c72\" data-element_type=\"section\" data-settings=\"{&quot;background_background&quot;:&quot;classic&quot;}\">\n\t\t\t\t\t\t\t<div class=\"elementor-background-overlay\"><\/div>\n\t\t\t\t\t\t\t<div class=\"elementor-container elementor-column-gap-default\">\n\t\t\t\t\t<div class=\"elementor-column elementor-col-50 elementor-top-column elementor-element elementor-element-5a4fb19\" data-id=\"5a4fb19\" data-element_type=\"column\">\n\t\t\t<div class=\"elementor-widget-wrap elementor-element-populated\">\n\t\t\t\t\t\t<div class=\"elementor-element elementor-element-54a6ceb elementor-widget elementor-widget-image\" data-id=\"54a6ceb\" data-element_type=\"widget\" data-widget_type=\"image.default\">\n\t\t\t\t<div class=\"elementor-widget-container\">\n\t\t\t\t\t\t\t\t\t\t\t\t\t\t\t<img decoding=\"async\" width=\"1280\" height=\"720\" src=\"https:\/\/yomvoo.com\/wp-content\/uploads\/2026\/04\/pexels-alphatradezone-5833311.jpg\" class=\"attachment-full size-full wp-image-5265\" alt=\"\" srcset=\"https:\/\/yomvoo.com\/wp-content\/uploads\/2026\/04\/pexels-alphatradezone-5833311.jpg 1280w, https:\/\/yomvoo.com\/wp-content\/uploads\/2026\/04\/pexels-alphatradezone-5833311-300x169.jpg 300w, https:\/\/yomvoo.com\/wp-content\/uploads\/2026\/04\/pexels-alphatradezone-5833311-1024x576.jpg 1024w, https:\/\/yomvoo.com\/wp-content\/uploads\/2026\/04\/pexels-alphatradezone-5833311-768x432.jpg 768w, https:\/\/yomvoo.com\/wp-content\/uploads\/2026\/04\/pexels-alphatradezone-5833311-18x10.jpg 18w\" sizes=\"(max-width: 1280px) 100vw, 1280px\" \/>\t\t\t\t\t\t\t\t\t\t\t\t\t\t\t<\/div>\n\t\t\t\t<\/div>\n\t\t\t\t\t<\/div>\n\t\t<\/div>\n\t\t\t\t<div class=\"elementor-column elementor-col-50 elementor-top-column elementor-element elementor-element-fb9003f\" data-id=\"fb9003f\" data-element_type=\"column\">\n\t\t\t<div class=\"elementor-widget-wrap elementor-element-populated\">\n\t\t\t\t\t\t<div class=\"elementor-element elementor-element-40674ee elementor-widget elementor-widget-heading\" data-id=\"40674ee\" data-element_type=\"widget\" data-widget_type=\"heading.default\">\n\t\t\t\t<div class=\"elementor-widget-container\">\n\t\t\t\t\t<h5 class=\"elementor-heading-title elementor-size-default\">Croissance des entreprises et pr\u00eats aux entreprises<\/h5>\t\t\t\t<\/div>\n\t\t\t\t<\/div>\n\t\t\t\t<div class=\"elementor-element elementor-element-259ccc3 elementor-widget elementor-widget-text-editor\" data-id=\"259ccc3\" data-element_type=\"widget\" data-widget_type=\"text-editor.default\">\n\t\t\t\t<div class=\"elementor-widget-container\">\n\t\t\t\t\t\t\t\t\t<p class=\"translation-block\">Au-del\u00e0 de l'immobilier, Yomvoo\u2122 catalyse la croissance des entreprises gr\u00e2ce \u00e0 ses solutions de financement strat\u00e9giques. Nous proposons des solutions de financement sur mesure pour aider les entreprises \u00e0 se d\u00e9velopper, moderniser leurs \u00e9quipements ou g\u00e9rer leurs transitions op\u00e9rationnelles. Notre objectif est de fournir aux entreprises le \u00ab\u00a0capital de croissance\u00a0\u00bb dont elles ont besoin pour \u00eatre comp\u00e9titives sur un march\u00e9 ax\u00e9 sur la technologie. En consid\u00e9rant chaque pr\u00eat comme un partenariat strat\u00e9gique, nous aidons les visionnaires \u00e0 obtenir les liquidit\u00e9s n\u00e9cessaires pour transformer leurs objectifs op\u00e9rationnels en leadership sur leur march\u00e9.<\/p>\t\t\t\t\t\t\t\t<\/div>\n\t\t\t\t<\/div>\n\t\t\t\t\t<\/div>\n\t\t<\/div>\n\t\t\t\t\t<\/div>\n\t\t<\/section>\n\t\t\t\t<section class=\"elementor-section elementor-top-section elementor-element elementor-element-ce32e74 elementor-section-boxed elementor-section-height-default elementor-section-height-default\" data-id=\"ce32e74\" data-element_type=\"section\" data-settings=\"{&quot;background_background&quot;:&quot;classic&quot;}\">\n\t\t\t\t\t\t\t<div class=\"elementor-background-overlay\"><\/div>\n\t\t\t\t\t\t\t<div class=\"elementor-container elementor-column-gap-default\">\n\t\t\t\t\t<div class=\"elementor-column elementor-col-50 elementor-top-column elementor-element elementor-element-3ae799f\" data-id=\"3ae799f\" data-element_type=\"column\">\n\t\t\t<div class=\"elementor-widget-wrap elementor-element-populated\">\n\t\t\t\t\t\t<div class=\"elementor-element elementor-element-a34df6b elementor-widget elementor-widget-heading\" data-id=\"a34df6b\" data-element_type=\"widget\" data-widget_type=\"heading.default\">\n\t\t\t\t<div class=\"elementor-widget-container\">\n\t\t\t\t\t<h5 class=\"elementor-heading-title elementor-size-default\">Impact mondial et l'initiative Bandrefam<\/h5>\t\t\t\t<\/div>\n\t\t\t\t<\/div>\n\t\t\t\t<div class=\"elementor-element elementor-element-10ea14b elementor-widget elementor-widget-text-editor\" data-id=\"10ea14b\" data-element_type=\"widget\" data-widget_type=\"text-editor.default\">\n\t\t\t\t<div class=\"elementor-widget-container\">\n\t\t\t\t\t\t\t\t\t<p class=\"translation-block\">En tant que fournisseur enregistr\u00e9 aupr\u00e8s de l'UNGM (n\u00b0\u00a0995677), notre mission repose sur la transparence et le d\u00e9veloppement durable. Nous pilotons actuellement une initiative visant \u00e0 \u00e9tablir des centres d'apprentissage de l'IA au Cameroun, en commen\u00e7ant par notre projet phare \u00e0 Bandrefam. Nous recherchons activement des subventions pour transformer cette vision en un mod\u00e8le \u00e9volutif pour la \u00ab\u00a0Nouvelle Fronti\u00e8re\u00a0\u00bb. Pour Yomvoo\u2122, l'impact social n'est pas un simple compl\u00e9ment \u00e0 notre activit\u00e9\u00a0: il est l'objectif ultime de notre strat\u00e9gie d'infrastructure mondiale.<\/p>\t\t\t\t\t\t\t\t<\/div>\n\t\t\t\t<\/div>\n\t\t\t\t\t<\/div>\n\t\t<\/div>\n\t\t\t\t<div class=\"elementor-column elementor-col-50 elementor-top-column elementor-element elementor-element-c766efc\" data-id=\"c766efc\" data-element_type=\"column\">\n\t\t\t<div class=\"elementor-widget-wrap elementor-element-populated\">\n\t\t\t\t\t\t<div class=\"elementor-element elementor-element-9c19bbd elementor-widget elementor-widget-image\" data-id=\"9c19bbd\" data-element_type=\"widget\" data-widget_type=\"image.default\">\n\t\t\t\t<div class=\"elementor-widget-container\">\n\t\t\t\t\t\t\t\t\t\t\t\t\t\t\t<img loading=\"lazy\" decoding=\"async\" width=\"1280\" height=\"853\" src=\"https:\/\/yomvoo.com\/wp-content\/uploads\/2026\/04\/pexels-karola-g-7692519.jpg\" class=\"attachment-full size-full wp-image-5266\" alt=\"\" srcset=\"https:\/\/yomvoo.com\/wp-content\/uploads\/2026\/04\/pexels-karola-g-7692519.jpg 1280w, https:\/\/yomvoo.com\/wp-content\/uploads\/2026\/04\/pexels-karola-g-7692519-300x200.jpg 300w, https:\/\/yomvoo.com\/wp-content\/uploads\/2026\/04\/pexels-karola-g-7692519-1024x682.jpg 1024w, https:\/\/yomvoo.com\/wp-content\/uploads\/2026\/04\/pexels-karola-g-7692519-768x512.jpg 768w, https:\/\/yomvoo.com\/wp-content\/uploads\/2026\/04\/pexels-karola-g-7692519-18x12.jpg 18w\" sizes=\"(max-width: 1280px) 100vw, 1280px\" \/>\t\t\t\t\t\t\t\t\t\t\t\t\t\t\t<\/div>\n\t\t\t\t<\/div>\n\t\t\t\t\t<\/div>\n\t\t<\/div>\n\t\t\t\t\t<\/div>\n\t\t<\/section>\n\t\t\t\t<section class=\"elementor-section elementor-top-section elementor-element elementor-element-593fdb3 elementor-section-boxed elementor-section-height-default elementor-section-height-default\" data-id=\"593fdb3\" data-element_type=\"section\" data-settings=\"{&quot;background_background&quot;:&quot;classic&quot;}\">\n\t\t\t\t\t\t<div class=\"elementor-container elementor-column-gap-default\">\n\t\t\t\t\t<div class=\"elementor-column elementor-col-100 elementor-top-column elementor-element elementor-element-caef8dd\" data-id=\"caef8dd\" data-element_type=\"column\">\n\t\t\t<div class=\"elementor-widget-wrap elementor-element-populated\">\n\t\t\t\t\t\t<div class=\"elementor-element elementor-element-d274401 elementor-align-center elementor-widget elementor-widget-button\" data-id=\"d274401\" data-element_type=\"widget\" data-widget_type=\"button.default\">\n\t\t\t\t<div class=\"elementor-widget-container\">\n\t\t\t\t\t\t\t\t\t<div class=\"elementor-button-wrapper\">\n\t\t\t\t\t<a class=\"elementor-button elementor-button-link elementor-size-sm\" href=\"https:\/\/yomvoo.com\/fr\/application\/\">\n\t\t\t\t\t\t<span class=\"elementor-button-content-wrapper\">\n\t\t\t\t\t\t\t\t\t<span class=\"elementor-button-text\">Cliquez ici pour postuler<\/span>\n\t\t\t\t\t<\/span>\n\t\t\t\t\t<\/a>\n\t\t\t\t<\/div>\n\t\t\t\t\t\t\t\t<\/div>\n\t\t\t\t<\/div>\n\t\t\t\t\t<\/div>\n\t\t<\/div>\n\t\t\t\t\t<\/div>\n\t\t<\/section>\n\t\t\t\t<\/div>","protected":false},"excerpt":{"rendered":"<p>Smart Asset\u2011Backed Funding Digital Infrastructure &amp; AI-Ready Land Sourcing The demand for AI and cloud computing has changed what makes land valuable. At Yomvoo\u2122, we use an engineering-led approach to identify and develop sites for Data Centers and Digital Infrastructure. We don\u2019t just look at acreage; we analyze the &#8220;hidden&#8221; essentials: power-grid capacity, fiber-optic connectivity, [&hellip;]<\/p>","protected":false},"author":3,"featured_media":0,"parent":0,"menu_order":0,"comment_status":"closed","ping_status":"closed","template":"elementor_header_footer","meta":{"footnotes":""},"class_list":["post-5253","page","type-page","status-publish","hentry"],"yoast_head":"<!-- This site is optimized with the Yoast SEO plugin v23.1 - https:\/\/yoast.com\/wordpress\/plugins\/seo\/ -->\n<title>Asset-Backed Funding | Secured Capital Solutions Yomvoo\u2122<\/title>\n<meta name=\"description\" content=\"Access asset-backed funding with Yomvoo\u2122. Secure capital using real estate or assets with flexible terms and tailored financing solutions.\" \/>\n<meta name=\"robots\" content=\"index, follow, max-snippet:-1, max-image-preview:large, max-video-preview:-1\" \/>\n<link rel=\"canonical\" href=\"https:\/\/yomvoo.com\/fr\/smart-asset\u2011backed-funding\/\" \/>\n<meta property=\"og:locale\" content=\"fr_FR\" \/>\n<meta property=\"og:type\" content=\"article\" \/>\n<meta property=\"og:title\" content=\"Asset-Backed Funding | Secured Capital Solutions Yomvoo\u2122\" \/>\n<meta property=\"og:description\" content=\"Access asset-backed funding with Yomvoo\u2122. Secure capital using real estate or assets with flexible terms and tailored financing solutions.\" \/>\n<meta property=\"og:url\" content=\"https:\/\/yomvoo.com\/fr\/smart-asset\u2011backed-funding\/\" \/>\n<meta property=\"og:site_name\" content=\"Yomvoo\u2122\" \/>\n<meta property=\"article:modified_time\" content=\"2026-04-14T09:44:46+00:00\" \/>\n<meta property=\"og:image\" content=\"https:\/\/yomvoo.com\/wp-content\/uploads\/2026\/04\/pexels-julien-goettelmann-44396125-29042393.jpg\" \/>\n<meta name=\"twitter:card\" content=\"summary_large_image\" \/>\n<meta name=\"twitter:label1\" content=\"Dur\u00e9e de lecture estim\u00e9e\" \/>\n\t<meta name=\"twitter:data1\" content=\"3 minutes\" \/>\n<script type=\"application\/ld+json\" class=\"yoast-schema-graph\">{\"@context\":\"https:\/\/schema.org\",\"@graph\":[{\"@type\":\"WebPage\",\"@id\":\"https:\/\/yomvoo.com\/smart-asset%e2%80%91backed-funding\/\",\"url\":\"https:\/\/yomvoo.com\/smart-asset%e2%80%91backed-funding\/\",\"name\":\"Asset-Backed Funding | Secured Capital Solutions Yomvoo\u2122\",\"isPartOf\":{\"@id\":\"https:\/\/yomvoo.com\/#website\"},\"primaryImageOfPage\":{\"@id\":\"https:\/\/yomvoo.com\/smart-asset%e2%80%91backed-funding\/#primaryimage\"},\"image\":{\"@id\":\"https:\/\/yomvoo.com\/smart-asset%e2%80%91backed-funding\/#primaryimage\"},\"thumbnailUrl\":\"https:\/\/yomvoo.com\/wp-content\/uploads\/2026\/04\/pexels-julien-goettelmann-44396125-29042393.jpg\",\"datePublished\":\"2026-04-14T08:32:04+00:00\",\"dateModified\":\"2026-04-14T09:44:46+00:00\",\"description\":\"Access asset-backed funding with Yomvoo\u2122. Secure capital using real estate or assets with flexible terms and tailored financing solutions.\",\"breadcrumb\":{\"@id\":\"https:\/\/yomvoo.com\/smart-asset%e2%80%91backed-funding\/#breadcrumb\"},\"inLanguage\":\"fr-FR\",\"potentialAction\":[{\"@type\":\"ReadAction\",\"target\":[\"https:\/\/yomvoo.com\/smart-asset%e2%80%91backed-funding\/\"]}]},{\"@type\":\"ImageObject\",\"inLanguage\":\"fr-FR\",\"@id\":\"https:\/\/yomvoo.com\/smart-asset%e2%80%91backed-funding\/#primaryimage\",\"url\":\"https:\/\/yomvoo.com\/wp-content\/uploads\/2026\/04\/pexels-julien-goettelmann-44396125-29042393.jpg\",\"contentUrl\":\"https:\/\/yomvoo.com\/wp-content\/uploads\/2026\/04\/pexels-julien-goettelmann-44396125-29042393.jpg\"},{\"@type\":\"BreadcrumbList\",\"@id\":\"https:\/\/yomvoo.com\/smart-asset%e2%80%91backed-funding\/#breadcrumb\",\"itemListElement\":[{\"@type\":\"ListItem\",\"position\":1,\"name\":\"Home\",\"item\":\"https:\/\/yomvoo.com\/\"},{\"@type\":\"ListItem\",\"position\":2,\"name\":\"Smart Asset\u2011Backed Funding\"}]},{\"@type\":\"WebSite\",\"@id\":\"https:\/\/yomvoo.com\/#website\",\"url\":\"https:\/\/yomvoo.com\/\",\"name\":\"Yomvoo\u2122\",\"description\":\"Private Capital Advisors and AI Infrastructure Strategist\",\"potentialAction\":[{\"@type\":\"SearchAction\",\"target\":{\"@type\":\"EntryPoint\",\"urlTemplate\":\"https:\/\/yomvoo.com\/?s={search_term_string}\"},\"query-input\":\"required name=search_term_string\"}],\"inLanguage\":\"fr-FR\"}]}<\/script>\n<!-- \/ Yoast SEO plugin. -->","yoast_head_json":{"title":"Asset-Backed Funding | Secured Capital Solutions Yomvoo\u2122","description":"Access asset-backed funding with Yomvoo\u2122. Secure capital using real estate or assets with flexible terms and tailored financing solutions.","robots":{"index":"index","follow":"follow","max-snippet":"max-snippet:-1","max-image-preview":"max-image-preview:large","max-video-preview":"max-video-preview:-1"},"canonical":"https:\/\/yomvoo.com\/fr\/smart-asset\u2011backed-funding\/","og_locale":"fr_FR","og_type":"article","og_title":"Asset-Backed Funding | Secured Capital Solutions Yomvoo\u2122","og_description":"Access asset-backed funding with Yomvoo\u2122. Secure capital using real estate or assets with flexible terms and tailored financing solutions.","og_url":"https:\/\/yomvoo.com\/fr\/smart-asset\u2011backed-funding\/","og_site_name":"Yomvoo\u2122","article_modified_time":"2026-04-14T09:44:46+00:00","og_image":[{"url":"https:\/\/yomvoo.com\/wp-content\/uploads\/2026\/04\/pexels-julien-goettelmann-44396125-29042393.jpg"}],"twitter_card":"summary_large_image","twitter_misc":{"Dur\u00e9e de lecture estim\u00e9e":"3 minutes"},"schema":{"@context":"https:\/\/schema.org","@graph":[{"@type":"WebPage","@id":"https:\/\/yomvoo.com\/smart-asset%e2%80%91backed-funding\/","url":"https:\/\/yomvoo.com\/smart-asset%e2%80%91backed-funding\/","name":"Asset-Backed Funding | Secured Capital Solutions Yomvoo\u2122","isPartOf":{"@id":"https:\/\/yomvoo.com\/#website"},"primaryImageOfPage":{"@id":"https:\/\/yomvoo.com\/smart-asset%e2%80%91backed-funding\/#primaryimage"},"image":{"@id":"https:\/\/yomvoo.com\/smart-asset%e2%80%91backed-funding\/#primaryimage"},"thumbnailUrl":"https:\/\/yomvoo.com\/wp-content\/uploads\/2026\/04\/pexels-julien-goettelmann-44396125-29042393.jpg","datePublished":"2026-04-14T08:32:04+00:00","dateModified":"2026-04-14T09:44:46+00:00","description":"Access asset-backed funding with Yomvoo\u2122. Secure capital using real estate or assets with flexible terms and tailored financing solutions.","breadcrumb":{"@id":"https:\/\/yomvoo.com\/smart-asset%e2%80%91backed-funding\/#breadcrumb"},"inLanguage":"fr-FR","potentialAction":[{"@type":"ReadAction","target":["https:\/\/yomvoo.com\/smart-asset%e2%80%91backed-funding\/"]}]},{"@type":"ImageObject","inLanguage":"fr-FR","@id":"https:\/\/yomvoo.com\/smart-asset%e2%80%91backed-funding\/#primaryimage","url":"https:\/\/yomvoo.com\/wp-content\/uploads\/2026\/04\/pexels-julien-goettelmann-44396125-29042393.jpg","contentUrl":"https:\/\/yomvoo.com\/wp-content\/uploads\/2026\/04\/pexels-julien-goettelmann-44396125-29042393.jpg"},{"@type":"BreadcrumbList","@id":"https:\/\/yomvoo.com\/smart-asset%e2%80%91backed-funding\/#breadcrumb","itemListElement":[{"@type":"ListItem","position":1,"name":"Home","item":"https:\/\/yomvoo.com\/"},{"@type":"ListItem","position":2,"name":"Smart Asset\u2011Backed Funding"}]},{"@type":"WebSite","@id":"https:\/\/yomvoo.com\/#website","url":"https:\/\/yomvoo.com\/","name":"Yomvoo\u2122","description":"Private Capital Advisors and AI Infrastructure Strategist","potentialAction":[{"@type":"SearchAction","target":{"@type":"EntryPoint","urlTemplate":"https:\/\/yomvoo.com\/?s={search_term_string}"},"query-input":"required name=search_term_string"}],"inLanguage":"fr-FR"}]}},"_links":{"self":[{"href":"https:\/\/yomvoo.com\/fr\/wp-json\/wp\/v2\/pages\/5253","targetHints":{"allow":["GET"]}}],"collection":[{"href":"https:\/\/yomvoo.com\/fr\/wp-json\/wp\/v2\/pages"}],"about":[{"href":"https:\/\/yomvoo.com\/fr\/wp-json\/wp\/v2\/types\/page"}],"author":[{"embeddable":true,"href":"https:\/\/yomvoo.com\/fr\/wp-json\/wp\/v2\/users\/3"}],"replies":[{"embeddable":true,"href":"https:\/\/yomvoo.com\/fr\/wp-json\/wp\/v2\/comments?post=5253"}],"version-history":[{"count":14,"href":"https:\/\/yomvoo.com\/fr\/wp-json\/wp\/v2\/pages\/5253\/revisions"}],"predecessor-version":[{"id":5283,"href":"https:\/\/yomvoo.com\/fr\/wp-json\/wp\/v2\/pages\/5253\/revisions\/5283"}],"wp:attachment":[{"href":"https:\/\/yomvoo.com\/fr\/wp-json\/wp\/v2\/media?parent=5253"}],"curies":[{"name":"wp","href":"https:\/\/api.w.org\/{rel}","templated":true}]}}